{"id":20375,"date":"2024-11-28T20:28:19","date_gmt":"2024-11-28T17:28:19","guid":{"rendered":"https:\/\/www.makitamarket.com.tr\/site\/urun\/proxxon-kaba-uclu-testere-inc-basina-10-dis-12-li\/"},"modified":"2026-04-13T22:48:37","modified_gmt":"2026-04-13T19:48:37","slug":"proxxon-kaba-uclu-testere-inc-basina-10-dis-12-li","status":"publish","type":"product","link":"https:\/\/www.makitamarket.com.tr\/site\/urun\/proxxon-kaba-uclu-testere-inc-basina-10-dis-12-li\/","title":{"rendered":"Proxxon 28741 KABA U\u00c7LU TESTERE (\u0130N\u00c7 BA\u015eINA 10 D\u0130\u015e) 12 L\u0130"},"content":{"rendered":"<p>\n\tKaba u\u00e7lu testere (\u0130n\u00e7 ba\u015f\u0131na 10 di\u015f) :<\/p>\n<table><\/table>\n","protected":false},"excerpt":{"rendered":"<p>\n\tKaba u\u00e7lu testere (\u0130n\u00e7 ba\u015f\u0131na 10 di\u015f) :<\/p>\n","protected":false},"featured_media":20374,"comment_status":"open","ping_status":"closed","template":"","meta":{"_acf_changed":false},"product_brand":[1501],"product_cat":[926],"product_tag":[],"class_list":{"0":"post-20375","1":"product","2":"type-product","3":"status-publish","4":"has-post-thumbnail","6":"product_brand-proxxon","7":"product_cat-aksesuarlar-mikro-aletleri","9":"first","10":"instock","11":"taxable","12":"shipping-taxable","13":"purchasable","14":"product-type-simple","15":"add-to-wishlist-after_add_to_cart"},"acf":[],"_links":{"self":[{"href":"https:\/\/www.makitamarket.com.tr\/site\/wp-json\/wp\/v2\/product\/20375","targetHints":{"allow":["GET"]}}],"collection":[{"href":"https:\/\/www.makitamarket.com.tr\/site\/wp-json\/wp\/v2\/product"}],"about":[{"href":"https:\/\/www.makitamarket.com.tr\/site\/wp-json\/wp\/v2\/types\/product"}],"replies":[{"embeddable":true,"href":"https:\/\/www.makitamarket.com.tr\/site\/wp-json\/wp\/v2\/comments?post=20375"}],"wp:featuredmedia":[{"embeddable":true,"href":"https:\/\/www.makitamarket.com.tr\/site\/wp-json\/wp\/v2\/media\/20374"}],"wp:attachment":[{"href":"https:\/\/www.makitamarket.com.tr\/site\/wp-json\/wp\/v2\/media?parent=20375"}],"wp:term":[{"taxonomy":"product_brand","embeddable":true,"href":"https:\/\/www.makitamarket.com.tr\/site\/wp-json\/wp\/v2\/product_brand?post=20375"},{"taxonomy":"product_cat","embeddable":true,"href":"https:\/\/www.makitamarket.com.tr\/site\/wp-json\/wp\/v2\/product_cat?post=20375"},{"taxonomy":"product_tag","embeddable":true,"href":"https:\/\/www.makitamarket.com.tr\/site\/wp-json\/wp\/v2\/product_tag?post=20375"}],"curies":[{"name":"wp","href":"https:\/\/api.w.org\/{rel}","templated":true}]}}