{"id":20414,"date":"2024-11-28T20:28:32","date_gmt":"2024-11-28T17:28:32","guid":{"rendered":"https:\/\/www.makitamarket.com.tr\/site\/urun\/knipex-kablo-siyirma-cimbizi-yedek-agiz\/"},"modified":"2026-04-06T17:14:04","modified_gmt":"2026-04-06T14:14:04","slug":"knipex-kablo-siyirma-cimbizi-yedek-agiz","status":"publish","type":"product","link":"https:\/\/www.makitamarket.com.tr\/site\/urun\/knipex-kablo-siyirma-cimbizi-yedek-agiz\/","title":{"rendered":"Knipex 1519006 KABLO SIYIRMA CIMBIZI YEDEK A\u011eIZ"},"content":{"rendered":"<p><b>15 19 006 15 11 120 i\u00e7in 1 \u00e7ift yedek kesici<\/b><br \/>Kablolar i\u00e7in s\u0131y\u0131rma c\u0131mb\u0131zlar\u0131, \u00f6zellikle end\u00fcstriyel kullan\u0131m i\u00e7in kablolardan yal\u0131t\u0131m kaplamalar\u0131n\u0131 \u00e7\u0131karmak i\u00e7in kullan\u0131l\u0131r. Elektronik end\u00fcstrisi, onar\u0131mlar ve el i\u015fleri i\u00e7in <\/p>\n<li><b>C\u0131mb\u0131z ucu versiyonu: <\/b>S\u0131y\u0131rma<\/li>\n<li><b>Asit direnci: <\/b>\u00e7ok iyi<\/li>\n<li><b>ESD onayl\u0131: <\/b>yok \u00a0<\/li>\n<li><b>VDE onayl\u0131: <\/b>yok \u00a0<\/li>\n<li><b>Bran\u015flar: <\/b>Elektronik<\/li>\n<table>\n<tr>\n<td>S\u0131y\u0131rma Kapasitesi<\/td>\n<td>0.6\u00f8mm Yedek a\u011f\u0131z<\/td>\n<\/tr>\n<tr>\n<td>Uzunluk<\/td>\n<td>006<\/td>\n<\/tr>\n<\/table>\n","protected":false},"excerpt":{"rendered":"<p><b>15 19 006 15 11 120 i\u00e7in 1 \u00e7ift yedek kesici<\/b><br \/>Kablolar i\u00e7in s\u0131y\u0131rma c\u0131mb\u0131zlar\u0131, \u00f6zellikle end\u00fcstriyel kullan\u0131m i\u00e7in kablolardan yal\u0131t\u0131m kaplamalar\u0131n\u0131 \u00e7\u0131karmak i\u00e7in kullan\u0131l\u0131r. Elektronik end\u00fcstrisi, onar\u0131mlar ve el i\u015fleri i\u00e7in <\/p>\n<li><b>C\u0131mb\u0131z ucu versiyonu: <\/b>S\u0131y\u0131rma<\/li>\n<li><b>Asit direnci: <\/b>\u00e7ok iyi<\/li>\n<li><b>ESD onayl\u0131: <\/b>yok \u00a0<\/li>\n<li><b>VDE onayl\u0131: <\/b>yok \u00a0<\/li>\n<li><b>Bran\u015flar: <\/b>Elektronik<\/li>\n","protected":false},"featured_media":0,"comment_status":"open","ping_status":"closed","template":"","meta":{"_acf_changed":false},"product_brand":[1486],"product_cat":[1565],"product_tag":[],"class_list":{"0":"post-20414","1":"product","2":"type-product","3":"status-publish","5":"product_brand-knipex","6":"product_cat-yok-yok","8":"first","9":"instock","10":"taxable","11":"shipping-taxable","12":"purchasable","13":"product-type-simple","14":"add-to-wishlist-after_add_to_cart"},"acf":[],"_links":{"self":[{"href":"https:\/\/www.makitamarket.com.tr\/site\/wp-json\/wp\/v2\/product\/20414","targetHints":{"allow":["GET"]}}],"collection":[{"href":"https:\/\/www.makitamarket.com.tr\/site\/wp-json\/wp\/v2\/product"}],"about":[{"href":"https:\/\/www.makitamarket.com.tr\/site\/wp-json\/wp\/v2\/types\/product"}],"replies":[{"embeddable":true,"href":"https:\/\/www.makitamarket.com.tr\/site\/wp-json\/wp\/v2\/comments?post=20414"}],"wp:attachment":[{"href":"https:\/\/www.makitamarket.com.tr\/site\/wp-json\/wp\/v2\/media?parent=20414"}],"wp:term":[{"taxonomy":"product_brand","embeddable":true,"href":"https:\/\/www.makitamarket.com.tr\/site\/wp-json\/wp\/v2\/product_brand?post=20414"},{"taxonomy":"product_cat","embeddable":true,"href":"https:\/\/www.makitamarket.com.tr\/site\/wp-json\/wp\/v2\/product_cat?post=20414"},{"taxonomy":"product_tag","embeddable":true,"href":"https:\/\/www.makitamarket.com.tr\/site\/wp-json\/wp\/v2\/product_tag?post=20414"}],"curies":[{"name":"wp","href":"https:\/\/api.w.org\/{rel}","templated":true}]}}