{"id":20415,"date":"2024-11-28T20:28:32","date_gmt":"2024-11-28T17:28:32","guid":{"rendered":"https:\/\/www.makitamarket.com.tr\/site\/urun\/knipex-knipex-1519008-penset-yed-bica\/"},"modified":"2026-03-30T10:42:24","modified_gmt":"2026-03-30T07:42:24","slug":"knipex-knipex-1519008-penset-yed-bica","status":"publish","type":"product","link":"https:\/\/www.makitamarket.com.tr\/site\/urun\/knipex-knipex-1519008-penset-yed-bica\/","title":{"rendered":"Knipex 1519008 KNIPEX 1519008 PENSET YED.BICA"},"content":{"rendered":"<p><b>15 19 008 15 11 120 i\u00e7in 1 \u00e7ift yedek kesici<\/b><br \/>Kablolar i\u00e7in s\u0131y\u0131rma c\u0131mb\u0131zlar\u0131, \u00f6zellikle end\u00fcstriyel kullan\u0131m i\u00e7in kablolardan yal\u0131t\u0131m kaplamalar\u0131n\u0131 \u00e7\u0131karmak i\u00e7in kullan\u0131l\u0131r. Elektronik end\u00fcstrisi, onar\u0131mlar ve el i\u015fleri i\u00e7in <\/p>\n<li><b>ESD onayl\u0131: <\/b>yok \u00a0<\/li>\n<li><b>VDE onayl\u0131: <\/b>yok \u00a0<\/li>\n<li><b>Bran\u015flar: <\/b>Elektronik<\/li>\n<table><\/table>\n","protected":false},"excerpt":{"rendered":"<p><b>15 19 008 15 11 120 i\u00e7in 1 \u00e7ift yedek kesici<\/b><br \/>Kablolar i\u00e7in s\u0131y\u0131rma c\u0131mb\u0131zlar\u0131, \u00f6zellikle end\u00fcstriyel kullan\u0131m i\u00e7in kablolardan yal\u0131t\u0131m kaplamalar\u0131n\u0131 \u00e7\u0131karmak i\u00e7in kullan\u0131l\u0131r. Elektronik end\u00fcstrisi, onar\u0131mlar ve el i\u015fleri i\u00e7in <\/p>\n<li><b>ESD onayl\u0131: <\/b>yok \u00a0<\/li>\n<li><b>VDE onayl\u0131: <\/b>yok \u00a0<\/li>\n<li><b>Bran\u015flar: <\/b>Elektronik<\/li>\n","protected":false},"featured_media":0,"comment_status":"open","ping_status":"closed","template":"","meta":{"_acf_changed":false},"product_brand":[1486],"product_cat":[1565],"product_tag":[],"class_list":{"0":"post-20415","1":"product","2":"type-product","3":"status-publish","5":"product_brand-knipex","6":"product_cat-yok-yok","8":"first","9":"instock","10":"taxable","11":"shipping-taxable","12":"purchasable","13":"product-type-simple","14":"add-to-wishlist-after_add_to_cart"},"acf":[],"_links":{"self":[{"href":"https:\/\/www.makitamarket.com.tr\/site\/wp-json\/wp\/v2\/product\/20415","targetHints":{"allow":["GET"]}}],"collection":[{"href":"https:\/\/www.makitamarket.com.tr\/site\/wp-json\/wp\/v2\/product"}],"about":[{"href":"https:\/\/www.makitamarket.com.tr\/site\/wp-json\/wp\/v2\/types\/product"}],"replies":[{"embeddable":true,"href":"https:\/\/www.makitamarket.com.tr\/site\/wp-json\/wp\/v2\/comments?post=20415"}],"wp:attachment":[{"href":"https:\/\/www.makitamarket.com.tr\/site\/wp-json\/wp\/v2\/media?parent=20415"}],"wp:term":[{"taxonomy":"product_brand","embeddable":true,"href":"https:\/\/www.makitamarket.com.tr\/site\/wp-json\/wp\/v2\/product_brand?post=20415"},{"taxonomy":"product_cat","embeddable":true,"href":"https:\/\/www.makitamarket.com.tr\/site\/wp-json\/wp\/v2\/product_cat?post=20415"},{"taxonomy":"product_tag","embeddable":true,"href":"https:\/\/www.makitamarket.com.tr\/site\/wp-json\/wp\/v2\/product_tag?post=20415"}],"curies":[{"name":"wp","href":"https:\/\/api.w.org\/{rel}","templated":true}]}}