{"id":20422,"date":"2024-11-28T20:28:37","date_gmt":"2024-11-28T17:28:37","guid":{"rendered":"https:\/\/www.makitamarket.com.tr\/site\/urun\/prosaw-ahsap-daire-testeresi-24-dis-185-mm\/"},"modified":"2026-04-06T17:14:08","modified_gmt":"2026-04-06T14:14:08","slug":"prosaw-ahsap-daire-testeresi-24-dis-185-mm","status":"publish","type":"product","link":"https:\/\/www.makitamarket.com.tr\/site\/urun\/prosaw-ahsap-daire-testeresi-24-dis-185-mm\/","title":{"rendered":"Prosaw PS51216 AH\u015eAP DA\u0130RE TESTERES\u0130 24 D\u0130\u015e 185 mm"},"content":{"rendered":"<table>\n<tr>\n<td>Testere \u00c7ap\u0131 (mm)<\/td>\n<td>185<\/td>\n<\/tr>\n<tr>\n<td>G\u00f6bek \u00c7ap\u0131 (mm)<\/td>\n<td>30\/20<\/td>\n<\/tr>\n<tr>\n<td>Elmas Kal\u0131nl\u0131\u011f\u0131 (mm)<\/td>\n<td>1.6<\/td>\n<\/tr>\n<tr>\n<td>G\u00f6vde Kal\u0131nl\u0131\u011f\u0131(mm)<\/td>\n<td>1.0<\/td>\n<\/tr>\n<tr>\n<td>Di\u015f Say\u0131s\u0131<\/td>\n<td>24<\/td>\n<\/tr>\n<\/table>\n","protected":false},"excerpt":{"rendered":"<p>Testere \u00c7ap\u0131 (mm) 185 G\u00f6bek \u00c7ap\u0131 (mm) 30\/20 Elmas Kal\u0131nl\u0131\u011f\u0131 (mm) 1.6 G\u00f6vde Kal\u0131nl\u0131\u011f\u0131(mm) 1.0 Di\u015f Say\u0131s\u0131 24<\/p>\n","protected":false},"featured_media":20421,"comment_status":"open","ping_status":"closed","template":"","meta":{"_acf_changed":false},"product_brand":[1524],"product_cat":[1050],"product_tag":[],"class_list":{"0":"post-20422","1":"product","2":"type-product","3":"status-publish","4":"has-post-thumbnail","6":"product_brand-prosaw","7":"product_cat-ahsap-daire-testereler","9":"first","10":"instock","11":"taxable","12":"shipping-taxable","13":"purchasable","14":"product-type-simple","15":"add-to-wishlist-after_add_to_cart"},"acf":[],"_links":{"self":[{"href":"https:\/\/www.makitamarket.com.tr\/site\/wp-json\/wp\/v2\/product\/20422","targetHints":{"allow":["GET"]}}],"collection":[{"href":"https:\/\/www.makitamarket.com.tr\/site\/wp-json\/wp\/v2\/product"}],"about":[{"href":"https:\/\/www.makitamarket.com.tr\/site\/wp-json\/wp\/v2\/types\/product"}],"replies":[{"embeddable":true,"href":"https:\/\/www.makitamarket.com.tr\/site\/wp-json\/wp\/v2\/comments?post=20422"}],"wp:featuredmedia":[{"embeddable":true,"href":"https:\/\/www.makitamarket.com.tr\/site\/wp-json\/wp\/v2\/media\/20421"}],"wp:attachment":[{"href":"https:\/\/www.makitamarket.com.tr\/site\/wp-json\/wp\/v2\/media?parent=20422"}],"wp:term":[{"taxonomy":"product_brand","embeddable":true,"href":"https:\/\/www.makitamarket.com.tr\/site\/wp-json\/wp\/v2\/product_brand?post=20422"},{"taxonomy":"product_cat","embeddable":true,"href":"https:\/\/www.makitamarket.com.tr\/site\/wp-json\/wp\/v2\/product_cat?post=20422"},{"taxonomy":"product_tag","embeddable":true,"href":"https:\/\/www.makitamarket.com.tr\/site\/wp-json\/wp\/v2\/product_tag?post=20422"}],"curies":[{"name":"wp","href":"https:\/\/api.w.org\/{rel}","templated":true}]}}