{"id":20446,"date":"2024-11-28T20:28:44","date_gmt":"2024-11-28T17:28:44","guid":{"rendered":"https:\/\/www.makitamarket.com.tr\/site\/urun\/makita-dekupaj-testere-bicagi-metal-b-30\/"},"modified":"2026-03-30T10:42:30","modified_gmt":"2026-03-30T07:42:30","slug":"makita-dekupaj-testere-bicagi-metal-b-30","status":"publish","type":"product","link":"https:\/\/www.makitamarket.com.tr\/site\/urun\/makita-dekupaj-testere-bicagi-metal-b-30\/","title":{"rendered":"Makita B-04961 DEKUPAJ TESTERE BI\u00c7A\u011eI &#8211; METAL B &#8211; 30"},"content":{"rendered":"<p>\n\tYumu\u015fak ve paslanmaz \u00e7elik ile sert plastiklerin genel kesimi i\u00e7in kullan\u0131lmaktad\u0131r.<\/p>\n<table>\n<tr>\n<td>Uzunda \u00c7al\u0131\u015fma<\/td>\n<td>50<\/td>\n<\/tr>\n<tr>\n<td>Plastik Kesim<\/td>\n<td>1 &#8211; 6<\/td>\n<\/tr>\n<tr>\n<td>Al\u00fcminyum Kesim<\/td>\n<td>1 &#8211; 3<\/td>\n<\/tr>\n<tr>\n<td>Paslanmaz \u00c7elik Kesim<\/td>\n<td>1 &#8211; 3<\/td>\n<\/tr>\n<tr>\n<td>Yumu\u015fak \u00c7elik Kesim<\/td>\n<td>1 &#8211; 3<\/td>\n<\/tr>\n<tr>\n<td>\u0130nch Ba\u015f\u0131 Di\u015f<\/td>\n<td>24<\/td>\n<\/tr>\n<tr>\n<td>B\u0131\u00e7ak Materyali<\/td>\n<td>HSS<\/td>\n<\/tr>\n<\/table>\n","protected":false},"excerpt":{"rendered":"<p>\n\tYumu\u015fak ve paslanmaz \u00e7elik ile sert plastiklerin genel kesimi i\u00e7in kullan\u0131lmaktad\u0131r.<\/p>\n","protected":false},"featured_media":20445,"comment_status":"open","ping_status":"closed","template":"","meta":{"_acf_changed":false},"product_brand":[1485],"product_cat":[1204],"product_tag":[],"class_list":{"0":"post-20446","1":"product","2":"type-product","3":"status-publish","4":"has-post-thumbnail","6":"product_brand-makita","7":"product_cat-b-tipi-kama-tipi-bicaklar","9":"first","10":"instock","11":"taxable","12":"shipping-taxable","13":"purchasable","14":"product-type-simple","15":"add-to-wishlist-after_add_to_cart"},"acf":[],"_links":{"self":[{"href":"https:\/\/www.makitamarket.com.tr\/site\/wp-json\/wp\/v2\/product\/20446","targetHints":{"allow":["GET"]}}],"collection":[{"href":"https:\/\/www.makitamarket.com.tr\/site\/wp-json\/wp\/v2\/product"}],"about":[{"href":"https:\/\/www.makitamarket.com.tr\/site\/wp-json\/wp\/v2\/types\/product"}],"replies":[{"embeddable":true,"href":"https:\/\/www.makitamarket.com.tr\/site\/wp-json\/wp\/v2\/comments?post=20446"}],"wp:featuredmedia":[{"embeddable":true,"href":"https:\/\/www.makitamarket.com.tr\/site\/wp-json\/wp\/v2\/media\/20445"}],"wp:attachment":[{"href":"https:\/\/www.makitamarket.com.tr\/site\/wp-json\/wp\/v2\/media?parent=20446"}],"wp:term":[{"taxonomy":"product_brand","embeddable":true,"href":"https:\/\/www.makitamarket.com.tr\/site\/wp-json\/wp\/v2\/product_brand?post=20446"},{"taxonomy":"product_cat","embeddable":true,"href":"https:\/\/www.makitamarket.com.tr\/site\/wp-json\/wp\/v2\/product_cat?post=20446"},{"taxonomy":"product_tag","embeddable":true,"href":"https:\/\/www.makitamarket.com.tr\/site\/wp-json\/wp\/v2\/product_tag?post=20446"}],"curies":[{"name":"wp","href":"https:\/\/api.w.org\/{rel}","templated":true}]}}