{"id":20481,"date":"2024-11-28T20:28:58","date_gmt":"2024-11-28T17:28:58","guid":{"rendered":"https:\/\/www.makitamarket.com.tr\/site\/urun\/knisaw-karpid-uclu-panc-adaptoru\/"},"modified":"2026-03-30T10:43:25","modified_gmt":"2026-03-30T07:43:25","slug":"knisaw-karpid-uclu-panc-adaptoru","status":"publish","type":"product","link":"https:\/\/www.makitamarket.com.tr\/site\/urun\/knisaw-karpid-uclu-panc-adaptoru\/","title":{"rendered":"Knisaw KS51681 KARP\u0130D U\u00c7LU PAN\u00c7 ADAPT\u00d6R\u00dc"},"content":{"rendered":"<table>\n<tr>\n<td>Uyumlu Pan\u00e7lar<\/td>\n<td>\u00d833,43,53,63,73,83mm.<\/td>\n<\/tr>\n<\/table>\n","protected":false},"excerpt":{"rendered":"<p>Uyumlu Pan\u00e7lar \u00d833,43,53,63,73,83mm.<\/p>\n","protected":false},"featured_media":20480,"comment_status":"open","ping_status":"closed","template":"","meta":{"_acf_changed":false},"product_brand":[1550],"product_cat":[1194],"product_tag":[],"class_list":{"0":"post-20481","1":"product","2":"type-product","3":"status-publish","4":"has-post-thumbnail","6":"product_brand-knisaw","7":"product_cat-aksesuarlar-bits-uclar-aparatlar-adaptorler","9":"first","10":"instock","11":"taxable","12":"shipping-taxable","13":"purchasable","14":"product-type-simple","15":"add-to-wishlist-after_add_to_cart"},"acf":[],"_links":{"self":[{"href":"https:\/\/www.makitamarket.com.tr\/site\/wp-json\/wp\/v2\/product\/20481","targetHints":{"allow":["GET"]}}],"collection":[{"href":"https:\/\/www.makitamarket.com.tr\/site\/wp-json\/wp\/v2\/product"}],"about":[{"href":"https:\/\/www.makitamarket.com.tr\/site\/wp-json\/wp\/v2\/types\/product"}],"replies":[{"embeddable":true,"href":"https:\/\/www.makitamarket.com.tr\/site\/wp-json\/wp\/v2\/comments?post=20481"}],"wp:featuredmedia":[{"embeddable":true,"href":"https:\/\/www.makitamarket.com.tr\/site\/wp-json\/wp\/v2\/media\/20480"}],"wp:attachment":[{"href":"https:\/\/www.makitamarket.com.tr\/site\/wp-json\/wp\/v2\/media?parent=20481"}],"wp:term":[{"taxonomy":"product_brand","embeddable":true,"href":"https:\/\/www.makitamarket.com.tr\/site\/wp-json\/wp\/v2\/product_brand?post=20481"},{"taxonomy":"product_cat","embeddable":true,"href":"https:\/\/www.makitamarket.com.tr\/site\/wp-json\/wp\/v2\/product_cat?post=20481"},{"taxonomy":"product_tag","embeddable":true,"href":"https:\/\/www.makitamarket.com.tr\/site\/wp-json\/wp\/v2\/product_tag?post=20481"}],"curies":[{"name":"wp","href":"https:\/\/api.w.org\/{rel}","templated":true}]}}