{"id":20500,"date":"2024-11-28T20:29:07","date_gmt":"2024-11-28T17:29:07","guid":{"rendered":"https:\/\/www.makitamarket.com.tr\/site\/urun\/proxxon-kalem-zimpara-icin-400-kum-silikon-karbur\/"},"modified":"2026-03-30T10:43:32","modified_gmt":"2026-03-30T07:43:32","slug":"proxxon-kalem-zimpara-icin-400-kum-silikon-karbur","status":"publish","type":"product","link":"https:\/\/www.makitamarket.com.tr\/site\/urun\/proxxon-kalem-zimpara-icin-400-kum-silikon-karbur\/","title":{"rendered":"Proxxon 28826 KALEM ZIMPARA \u0130\u00c7\u0130N 400 KUM S\u0130L\u0130KON KARB\u00dcR"},"content":{"rendered":"<p>\n\t28594 PS13 Kalem z\u0131mpara i\u00e7in 400 kum silikon karb\u00fcr 20 adet z\u0131mpara<\/p>\n<table>\n<tr>\n<td>Kum<\/td>\n<td>400 kum<\/td>\n<\/tr>\n<tr>\n<td>A\u00e7\u0131klama<\/td>\n<td>28594 PS13 Kalem z\u0131mpara<\/td>\n<\/tr>\n<\/table>\n","protected":false},"excerpt":{"rendered":"<p>\n\t28594 PS13 Kalem z\u0131mpara i\u00e7in 400 kum silikon karb\u00fcr 20 adet z\u0131mpara<\/p>\n","protected":false},"featured_media":20499,"comment_status":"open","ping_status":"closed","template":"","meta":{"_acf_changed":false},"product_brand":[1501],"product_cat":[926],"product_tag":[],"class_list":{"0":"post-20500","1":"product","2":"type-product","3":"status-publish","4":"has-post-thumbnail","6":"product_brand-proxxon","7":"product_cat-aksesuarlar-mikro-aletleri","9":"first","10":"outofstock","11":"taxable","12":"shipping-taxable","13":"purchasable","14":"product-type-simple","15":"add-to-wishlist-after_add_to_cart"},"acf":[],"_links":{"self":[{"href":"https:\/\/www.makitamarket.com.tr\/site\/wp-json\/wp\/v2\/product\/20500","targetHints":{"allow":["GET"]}}],"collection":[{"href":"https:\/\/www.makitamarket.com.tr\/site\/wp-json\/wp\/v2\/product"}],"about":[{"href":"https:\/\/www.makitamarket.com.tr\/site\/wp-json\/wp\/v2\/types\/product"}],"replies":[{"embeddable":true,"href":"https:\/\/www.makitamarket.com.tr\/site\/wp-json\/wp\/v2\/comments?post=20500"}],"wp:featuredmedia":[{"embeddable":true,"href":"https:\/\/www.makitamarket.com.tr\/site\/wp-json\/wp\/v2\/media\/20499"}],"wp:attachment":[{"href":"https:\/\/www.makitamarket.com.tr\/site\/wp-json\/wp\/v2\/media?parent=20500"}],"wp:term":[{"taxonomy":"product_brand","embeddable":true,"href":"https:\/\/www.makitamarket.com.tr\/site\/wp-json\/wp\/v2\/product_brand?post=20500"},{"taxonomy":"product_cat","embeddable":true,"href":"https:\/\/www.makitamarket.com.tr\/site\/wp-json\/wp\/v2\/product_cat?post=20500"},{"taxonomy":"product_tag","embeddable":true,"href":"https:\/\/www.makitamarket.com.tr\/site\/wp-json\/wp\/v2\/product_tag?post=20500"}],"curies":[{"name":"wp","href":"https:\/\/api.w.org\/{rel}","templated":true}]}}