{"id":20518,"date":"2024-11-28T20:29:11","date_gmt":"2024-11-28T17:29:11","guid":{"rendered":"https:\/\/www.makitamarket.com.tr\/site\/urun\/makita-havsa-acma-ucu-6x48-mm\/"},"modified":"2026-03-30T10:44:24","modified_gmt":"2026-03-30T07:44:24","slug":"makita-havsa-acma-ucu-6x48-mm","status":"publish","type":"product","link":"https:\/\/www.makitamarket.com.tr\/site\/urun\/makita-havsa-acma-ucu-6x48-mm\/","title":{"rendered":"Makita D-37378 HAV\u015eA A\u00c7MA UCU 6&#215;48 mm"},"content":{"rendered":"<p>\n\t<span _fck_bookmark=\"1\" style=\"display: none;\">\u00a0<\/span><span _fck_bookmark=\"1\" style=\"display: none;\">\u00a0<\/span><span _fck_bookmark=\"1\" style=\"display: none;\">\u00a0<\/span><span _fck_bookmark=\"1\" style=\"display: none;\">\u00a0<\/span>Sap Tipi : D\u00fcz<\/p>\n<p>\n\tAh\u015fap, Plastik, Demir d\u0131\u015f\u0131 metal, D\u00f6kme demir, Ala\u015f\u0131ml\u0131 \u00c7elik malzeme \u00fczerinde delik geni\u015fletme amac\u0131yla kullan\u0131lmaktad\u0131r.<\/p>\n<p>\n\t\u00a0<span _fck_bookmark=\"1\" style=\"display: none;\">\u00a0<\/span>\u00a0<span _fck_bookmark=\"1\" style=\"display: none;\">\u00a0<\/span><\/p>\n<table>\n<tr>\n<td>Uygulama<\/td>\n<td>M3<\/td>\n<\/tr>\n<tr>\n<td>A\u00e7\u0131 &#8211; Kenar<\/td>\n<td>90\u00b0 &#8211; 5 adet<\/td>\n<\/tr>\n<tr>\n<td>\u00c7ap<\/td>\n<td>6.5 mm<\/td>\n<\/tr>\n<tr>\n<td>Uzunluk<\/td>\n<td>48 mm<\/td>\n<\/tr>\n<tr>\n<td>Uygulama<\/td>\n<td>M3<\/td>\n<\/tr>\n<tr>\n<td>A\u00e7\u0131 &#8211; Kenar<\/td>\n<td>90\u00b0 &#8211; 5 adet<\/td>\n<\/tr>\n<tr>\n<td>Matkap \u00c7ap\u0131<\/td>\n<td>6<\/td>\n<\/tr>\n<tr>\n<td>Uzunluk<\/td>\n<td>48<\/td>\n<\/tr>\n<tr>\n<td>A\u00e7\u0131-Kenar<\/td>\n<td>90\u00b0 -5 adet<\/td>\n<\/tr>\n<tr>\n<td>\u00c7ap-Uzunluk<\/td>\n<td>6 x 48 mm<\/td>\n<\/tr>\n<\/table>\n","protected":false},"excerpt":{"rendered":"<p>\n\t<span _fck_bookmark=\"1\" style=\"display: none;\">\u00a0<\/span><span _fck_bookmark=\"1\" style=\"display: none;\">\u00a0<\/span><span _fck_bookmark=\"1\" style=\"display: none;\">\u00a0<\/span><span _fck_bookmark=\"1\" style=\"display: none;\">\u00a0<\/span>Sap Tipi : D\u00fcz<\/p>\n<p>\n\tAh\u015fap, Plastik, Demir d\u0131\u015f\u0131 metal, D\u00f6kme demir, Ala\u015f\u0131ml\u0131 \u00c7elik malzeme \u00fczerinde delik geni\u015fletme amac\u0131yla kullan\u0131lmaktad\u0131r.<\/p>\n<p>\n\t\u00a0<span _fck_bookmark=\"1\" style=\"display: none;\">\u00a0<\/span>\u00a0<span _fck_bookmark=\"1\" style=\"display: none;\">\u00a0<\/span><\/p>\n","protected":false},"featured_media":20517,"comment_status":"open","ping_status":"closed","template":"","meta":{"_acf_changed":false},"product_brand":[1485],"product_cat":[1064],"product_tag":[],"class_list":{"0":"post-20518","1":"product","2":"type-product","3":"status-publish","4":"has-post-thumbnail","6":"product_brand-makita","7":"product_cat-metal-delme-uclari","9":"first","10":"instock","11":"taxable","12":"shipping-taxable","13":"purchasable","14":"product-type-simple","15":"add-to-wishlist-after_add_to_cart"},"acf":[],"_links":{"self":[{"href":"https:\/\/www.makitamarket.com.tr\/site\/wp-json\/wp\/v2\/product\/20518","targetHints":{"allow":["GET"]}}],"collection":[{"href":"https:\/\/www.makitamarket.com.tr\/site\/wp-json\/wp\/v2\/product"}],"about":[{"href":"https:\/\/www.makitamarket.com.tr\/site\/wp-json\/wp\/v2\/types\/product"}],"replies":[{"embeddable":true,"href":"https:\/\/www.makitamarket.com.tr\/site\/wp-json\/wp\/v2\/comments?post=20518"}],"wp:featuredmedia":[{"embeddable":true,"href":"https:\/\/www.makitamarket.com.tr\/site\/wp-json\/wp\/v2\/media\/20517"}],"wp:attachment":[{"href":"https:\/\/www.makitamarket.com.tr\/site\/wp-json\/wp\/v2\/media?parent=20518"}],"wp:term":[{"taxonomy":"product_brand","embeddable":true,"href":"https:\/\/www.makitamarket.com.tr\/site\/wp-json\/wp\/v2\/product_brand?post=20518"},{"taxonomy":"product_cat","embeddable":true,"href":"https:\/\/www.makitamarket.com.tr\/site\/wp-json\/wp\/v2\/product_cat?post=20518"},{"taxonomy":"product_tag","embeddable":true,"href":"https:\/\/www.makitamarket.com.tr\/site\/wp-json\/wp\/v2\/product_tag?post=20518"}],"curies":[{"name":"wp","href":"https:\/\/api.w.org\/{rel}","templated":true}]}}