{"id":20561,"date":"2024-11-28T20:29:26","date_gmt":"2024-11-28T17:29:26","guid":{"rendered":"https:\/\/www.makitamarket.com.tr\/site\/urun\/proxxon-uc-ceneli-celik-mandren\/"},"modified":"2026-03-30T10:45:21","modified_gmt":"2026-03-30T07:45:21","slug":"proxxon-uc-ceneli-celik-mandren","status":"publish","type":"product","link":"https:\/\/www.makitamarket.com.tr\/site\/urun\/proxxon-uc-ceneli-celik-mandren\/","title":{"rendered":"Proxxon 28941 \u00dc\u00c7 \u00c7ENEL\u0130 \u00c7EL\u0130K MANDREN"},"content":{"rendered":"<div>\n\t<span style=\"font-size:12px;\"><span style=\"font-family:tahoma,geneva,sans-serif;\">B\u00fct\u00fcn MICROMOT cihazlar\u0131 i\u00e7in uygundur.<br \/>\n\t<\/span><\/span><\/div>\n<div>\n\t<span style=\"font-size:12px;\"><span style=\"font-family:tahoma,geneva,sans-serif;\">De\u011fi\u015fik \u015faft \u00f6l\u00e7\u00fclerinin kullan\u0131mda kolayl\u0131k sa\u011flar.<br \/>\n\t<\/span><\/span><\/div>\n<div>\n\t<span style=\"font-size:12px;\"><span style=\"font-family:tahoma,geneva,sans-serif;\">Kapasite 0.3 ile 3.2 aras\u0131nda.<br \/>\n\t<\/span><\/span><\/div>\n<table><\/table>\n","protected":false},"excerpt":{"rendered":"<div>\n\t<span style=\"font-size:12px;\"><span style=\"font-family:tahoma,geneva,sans-serif;\">B\u00fct\u00fcn MICROMOT cihazlar\u0131 i\u00e7in uygundur.<br \/>\n\t<\/span><\/span><\/div>\n<div>\n\t<span style=\"font-size:12px;\"><span style=\"font-family:tahoma,geneva,sans-serif;\">De\u011fi\u015fik \u015faft \u00f6l\u00e7\u00fclerinin kullan\u0131mda kolayl\u0131k sa\u011flar.<br \/>\n\t<\/span><\/span><\/div>\n<div>\n\t<span style=\"font-size:12px;\"><span style=\"font-family:tahoma,geneva,sans-serif;\">Kapasite 0.3 ile 3.2 aras\u0131nda.<br \/>\n\t<\/span><\/span><\/div>\n","protected":false},"featured_media":20560,"comment_status":"open","ping_status":"closed","template":"","meta":{"_acf_changed":false},"product_brand":[1501],"product_cat":[926],"product_tag":[],"class_list":{"0":"post-20561","1":"product","2":"type-product","3":"status-publish","4":"has-post-thumbnail","6":"product_brand-proxxon","7":"product_cat-aksesuarlar-mikro-aletleri","9":"first","10":"outofstock","11":"taxable","12":"shipping-taxable","13":"purchasable","14":"product-type-simple","15":"add-to-wishlist-after_add_to_cart"},"acf":[],"_links":{"self":[{"href":"https:\/\/www.makitamarket.com.tr\/site\/wp-json\/wp\/v2\/product\/20561","targetHints":{"allow":["GET"]}}],"collection":[{"href":"https:\/\/www.makitamarket.com.tr\/site\/wp-json\/wp\/v2\/product"}],"about":[{"href":"https:\/\/www.makitamarket.com.tr\/site\/wp-json\/wp\/v2\/types\/product"}],"replies":[{"embeddable":true,"href":"https:\/\/www.makitamarket.com.tr\/site\/wp-json\/wp\/v2\/comments?post=20561"}],"wp:featuredmedia":[{"embeddable":true,"href":"https:\/\/www.makitamarket.com.tr\/site\/wp-json\/wp\/v2\/media\/20560"}],"wp:attachment":[{"href":"https:\/\/www.makitamarket.com.tr\/site\/wp-json\/wp\/v2\/media?parent=20561"}],"wp:term":[{"taxonomy":"product_brand","embeddable":true,"href":"https:\/\/www.makitamarket.com.tr\/site\/wp-json\/wp\/v2\/product_brand?post=20561"},{"taxonomy":"product_cat","embeddable":true,"href":"https:\/\/www.makitamarket.com.tr\/site\/wp-json\/wp\/v2\/product_cat?post=20561"},{"taxonomy":"product_tag","embeddable":true,"href":"https:\/\/www.makitamarket.com.tr\/site\/wp-json\/wp\/v2\/product_tag?post=20561"}],"curies":[{"name":"wp","href":"https:\/\/api.w.org\/{rel}","templated":true}]}}