{"id":20565,"date":"2024-11-28T20:29:27","date_gmt":"2024-11-28T17:29:27","guid":{"rendered":"https:\/\/www.makitamarket.com.tr\/site\/urun\/makita-m-tipi-dekupaj-testere-bicak-seti\/"},"modified":"2025-08-28T10:03:09","modified_gmt":"2025-08-28T07:03:09","slug":"makita-m-tipi-dekupaj-testere-bicak-seti","status":"publish","type":"product","link":"https:\/\/www.makitamarket.com.tr\/site\/urun\/makita-m-tipi-dekupaj-testere-bicak-seti\/","title":{"rendered":"Makita A-86882 M T\u0130P\u0130 DEKUPAJ TESTERE BI\u00c7AK SET\u0130"},"content":{"rendered":"<table>\n<tr>\n<td>A\u00e7\u0131klama<\/td>\n<td>Dekupaj B\u0131\u00e7ak Seti<\/td>\n<\/tr>\n<\/table>\n","protected":false},"excerpt":{"rendered":"<p>A\u00e7\u0131klama Dekupaj B\u0131\u00e7ak Seti<\/p>\n","protected":false},"featured_media":20564,"comment_status":"open","ping_status":"closed","template":"","meta":{"_acf_changed":false},"product_brand":[],"product_cat":[1204],"product_tag":[],"class_list":{"0":"post-20565","1":"product","2":"type-product","3":"status-publish","4":"has-post-thumbnail","6":"product_cat-b-tipi-kama-tipi-bicaklar","8":"first","9":"outofstock","10":"taxable","11":"shipping-taxable","12":"purchasable","13":"product-type-simple","14":"add-to-wishlist-after_add_to_cart"},"acf":[],"_links":{"self":[{"href":"https:\/\/www.makitamarket.com.tr\/site\/wp-json\/wp\/v2\/product\/20565","targetHints":{"allow":["GET"]}}],"collection":[{"href":"https:\/\/www.makitamarket.com.tr\/site\/wp-json\/wp\/v2\/product"}],"about":[{"href":"https:\/\/www.makitamarket.com.tr\/site\/wp-json\/wp\/v2\/types\/product"}],"replies":[{"embeddable":true,"href":"https:\/\/www.makitamarket.com.tr\/site\/wp-json\/wp\/v2\/comments?post=20565"}],"wp:featuredmedia":[{"embeddable":true,"href":"https:\/\/www.makitamarket.com.tr\/site\/wp-json\/wp\/v2\/media\/20564"}],"wp:attachment":[{"href":"https:\/\/www.makitamarket.com.tr\/site\/wp-json\/wp\/v2\/media?parent=20565"}],"wp:term":[{"taxonomy":"product_brand","embeddable":true,"href":"https:\/\/www.makitamarket.com.tr\/site\/wp-json\/wp\/v2\/product_brand?post=20565"},{"taxonomy":"product_cat","embeddable":true,"href":"https:\/\/www.makitamarket.com.tr\/site\/wp-json\/wp\/v2\/product_cat?post=20565"},{"taxonomy":"product_tag","embeddable":true,"href":"https:\/\/www.makitamarket.com.tr\/site\/wp-json\/wp\/v2\/product_tag?post=20565"}],"curies":[{"name":"wp","href":"https:\/\/api.w.org\/{rel}","templated":true}]}}