{"id":20569,"date":"2024-11-28T20:29:29","date_gmt":"2024-11-28T17:29:29","guid":{"rendered":"https:\/\/www.makitamarket.com.tr\/site\/urun\/proscr-bits-kose-vidalama\/"},"modified":"2026-04-06T17:18:11","modified_gmt":"2026-04-06T14:18:11","slug":"proscr-bits-kose-vidalama","status":"publish","type":"product","link":"https:\/\/www.makitamarket.com.tr\/site\/urun\/proscr-bits-kose-vidalama\/","title":{"rendered":"Proscr SCR03361 B\u0130TS K\u00d6\u015eE V\u0130DALAMA"},"content":{"rendered":"<table>\n<tr>\n<td>Paket \u0130\u00e7i Adedi<\/td>\n<td>15 Ad.<\/td>\n<\/tr>\n<tr>\n<td>Koli \u0130\u00e7i Adedi<\/td>\n<td>60 Ad.<\/td>\n<\/tr>\n<\/table>\n","protected":false},"excerpt":{"rendered":"<p>Paket \u0130\u00e7i Adedi 15 Ad. Koli \u0130\u00e7i Adedi 60 Ad.<\/p>\n","protected":false},"featured_media":20568,"comment_status":"open","ping_status":"closed","template":"","meta":{"_acf_changed":false},"product_brand":[1523],"product_cat":[1047],"product_tag":[],"class_list":{"0":"post-20569","1":"product","2":"type-product","3":"status-publish","4":"has-post-thumbnail","6":"product_brand-proscr","7":"product_cat-bits-uclar-aparatlar-adaptorler","9":"first","10":"instock","11":"taxable","12":"shipping-taxable","13":"purchasable","14":"product-type-simple","15":"add-to-wishlist-after_add_to_cart"},"acf":[],"_links":{"self":[{"href":"https:\/\/www.makitamarket.com.tr\/site\/wp-json\/wp\/v2\/product\/20569","targetHints":{"allow":["GET"]}}],"collection":[{"href":"https:\/\/www.makitamarket.com.tr\/site\/wp-json\/wp\/v2\/product"}],"about":[{"href":"https:\/\/www.makitamarket.com.tr\/site\/wp-json\/wp\/v2\/types\/product"}],"replies":[{"embeddable":true,"href":"https:\/\/www.makitamarket.com.tr\/site\/wp-json\/wp\/v2\/comments?post=20569"}],"wp:featuredmedia":[{"embeddable":true,"href":"https:\/\/www.makitamarket.com.tr\/site\/wp-json\/wp\/v2\/media\/20568"}],"wp:attachment":[{"href":"https:\/\/www.makitamarket.com.tr\/site\/wp-json\/wp\/v2\/media?parent=20569"}],"wp:term":[{"taxonomy":"product_brand","embeddable":true,"href":"https:\/\/www.makitamarket.com.tr\/site\/wp-json\/wp\/v2\/product_brand?post=20569"},{"taxonomy":"product_cat","embeddable":true,"href":"https:\/\/www.makitamarket.com.tr\/site\/wp-json\/wp\/v2\/product_cat?post=20569"},{"taxonomy":"product_tag","embeddable":true,"href":"https:\/\/www.makitamarket.com.tr\/site\/wp-json\/wp\/v2\/product_tag?post=20569"}],"curies":[{"name":"wp","href":"https:\/\/api.w.org\/{rel}","templated":true}]}}