{"id":20587,"date":"2024-11-28T20:29:36","date_gmt":"2024-11-28T17:29:36","guid":{"rendered":"https:\/\/www.makitamarket.com.tr\/site\/urun\/weller-weller-aksesuar-el-60-40-25-kendinden-pastali-lehim-teli\/"},"modified":"2025-11-16T11:19:40","modified_gmt":"2025-11-16T08:19:40","slug":"weller-weller-aksesuar-el-60-40-25-kendinden-pastali-lehim-teli","status":"publish","type":"product","link":"https:\/\/www.makitamarket.com.tr\/site\/urun\/weller-weller-aksesuar-el-60-40-25-kendinden-pastali-lehim-teli\/","title":{"rendered":"Weller L60\/40-25 WELLER AKSESUAR EL 60\/40 &#8211; 25 KEND\u0130NDEN PASTALI LEH\u0130M TEL\u0130"},"content":{"rendered":"<p>\n\t25 gr. Pastal\u0131 lehim teli 1.0mm<\/p>\n<table><\/table>\n","protected":false},"excerpt":{"rendered":"<p>\n\t25 gr. Pastal\u0131 lehim teli 1.0mm<\/p>\n","protected":false},"featured_media":20586,"comment_status":"open","ping_status":"closed","template":"","meta":{"_acf_changed":false},"product_brand":[1530],"product_cat":[1390],"product_tag":[],"class_list":{"0":"post-20587","1":"product","2":"type-product","3":"status-publish","4":"has-post-thumbnail","6":"product_brand-weller","7":"product_cat-lehim-telleri","9":"first","10":"outofstock","11":"taxable","12":"shipping-taxable","13":"purchasable","14":"product-type-simple","15":"add-to-wishlist-after_add_to_cart"},"acf":[],"_links":{"self":[{"href":"https:\/\/www.makitamarket.com.tr\/site\/wp-json\/wp\/v2\/product\/20587","targetHints":{"allow":["GET"]}}],"collection":[{"href":"https:\/\/www.makitamarket.com.tr\/site\/wp-json\/wp\/v2\/product"}],"about":[{"href":"https:\/\/www.makitamarket.com.tr\/site\/wp-json\/wp\/v2\/types\/product"}],"replies":[{"embeddable":true,"href":"https:\/\/www.makitamarket.com.tr\/site\/wp-json\/wp\/v2\/comments?post=20587"}],"wp:featuredmedia":[{"embeddable":true,"href":"https:\/\/www.makitamarket.com.tr\/site\/wp-json\/wp\/v2\/media\/20586"}],"wp:attachment":[{"href":"https:\/\/www.makitamarket.com.tr\/site\/wp-json\/wp\/v2\/media?parent=20587"}],"wp:term":[{"taxonomy":"product_brand","embeddable":true,"href":"https:\/\/www.makitamarket.com.tr\/site\/wp-json\/wp\/v2\/product_brand?post=20587"},{"taxonomy":"product_cat","embeddable":true,"href":"https:\/\/www.makitamarket.com.tr\/site\/wp-json\/wp\/v2\/product_cat?post=20587"},{"taxonomy":"product_tag","embeddable":true,"href":"https:\/\/www.makitamarket.com.tr\/site\/wp-json\/wp\/v2\/product_tag?post=20587"}],"curies":[{"name":"wp","href":"https:\/\/api.w.org\/{rel}","templated":true}]}}