{"id":20608,"date":"2024-11-28T20:29:49","date_gmt":"2024-11-28T17:29:49","guid":{"rendered":"https:\/\/www.makitamarket.com.tr\/site\/urun\/hawk-sari-telli-daire-firca-100x20-mm\/"},"modified":"2026-04-06T17:19:16","modified_gmt":"2026-04-06T14:19:16","slug":"hawk-sari-telli-daire-firca-100x20-mm","status":"publish","type":"product","link":"https:\/\/www.makitamarket.com.tr\/site\/urun\/hawk-sari-telli-daire-firca-100x20-mm\/","title":{"rendered":"Hawk HA10101 SARI TELL\u0130 DA\u0130RE FIR\u00c7A 100&#215;20 mm"},"content":{"rendered":"<table>\n<tr>\n<td>\u00c7ap (mm) (\u00dcr\u00fcn x G\u00f6bek)<\/td>\n<td>\u00d8100 x 20<\/td>\n<\/tr>\n<tr>\n<td>Koli Adedi<\/td>\n<td>60<\/td>\n<\/tr>\n<tr>\n<td>Tel \u00c7ap\u0131 (mm)<\/td>\n<td>0.30<\/td>\n<\/tr>\n<\/table>\n","protected":false},"excerpt":{"rendered":"<p>\u00c7ap (mm) (\u00dcr\u00fcn x G\u00f6bek) \u00d8100 x 20 Koli Adedi 60 Tel \u00c7ap\u0131 (mm) 0.30<\/p>\n","protected":false},"featured_media":20607,"comment_status":"open","ping_status":"closed","template":"","meta":{"_acf_changed":false},"product_brand":[1538],"product_cat":[807],"product_tag":[],"class_list":{"0":"post-20608","1":"product","2":"type-product","3":"status-publish","4":"has-post-thumbnail","6":"product_brand-hawk","7":"product_cat-aksesuarlar-fircalar","9":"first","10":"outofstock","11":"taxable","12":"shipping-taxable","13":"purchasable","14":"product-type-simple","15":"add-to-wishlist-after_add_to_cart"},"acf":[],"_links":{"self":[{"href":"https:\/\/www.makitamarket.com.tr\/site\/wp-json\/wp\/v2\/product\/20608","targetHints":{"allow":["GET"]}}],"collection":[{"href":"https:\/\/www.makitamarket.com.tr\/site\/wp-json\/wp\/v2\/product"}],"about":[{"href":"https:\/\/www.makitamarket.com.tr\/site\/wp-json\/wp\/v2\/types\/product"}],"replies":[{"embeddable":true,"href":"https:\/\/www.makitamarket.com.tr\/site\/wp-json\/wp\/v2\/comments?post=20608"}],"wp:featuredmedia":[{"embeddable":true,"href":"https:\/\/www.makitamarket.com.tr\/site\/wp-json\/wp\/v2\/media\/20607"}],"wp:attachment":[{"href":"https:\/\/www.makitamarket.com.tr\/site\/wp-json\/wp\/v2\/media?parent=20608"}],"wp:term":[{"taxonomy":"product_brand","embeddable":true,"href":"https:\/\/www.makitamarket.com.tr\/site\/wp-json\/wp\/v2\/product_brand?post=20608"},{"taxonomy":"product_cat","embeddable":true,"href":"https:\/\/www.makitamarket.com.tr\/site\/wp-json\/wp\/v2\/product_cat?post=20608"},{"taxonomy":"product_tag","embeddable":true,"href":"https:\/\/www.makitamarket.com.tr\/site\/wp-json\/wp\/v2\/product_tag?post=20608"}],"curies":[{"name":"wp","href":"https:\/\/api.w.org\/{rel}","templated":true}]}}