{"id":20627,"date":"2024-11-28T20:29:54","date_gmt":"2024-11-28T17:29:54","guid":{"rendered":"https:\/\/www.makitamarket.com.tr\/site\/urun\/proxxon-proxxon-yun-polisaj-set-28291\/"},"modified":"2026-03-30T10:46:23","modified_gmt":"2026-03-30T07:46:23","slug":"proxxon-proxxon-yun-polisaj-set-28291","status":"publish","type":"product","link":"https:\/\/www.makitamarket.com.tr\/site\/urun\/proxxon-proxxon-yun-polisaj-set-28291\/","title":{"rendered":"Proxxon 28291 PROXXON YUN POLISAJ SET 28291"},"content":{"rendered":"<p align=\"left\">\n\t<font color=\"#1f1a17\" face=\"MyriadPro-Regular\" size=\"1\"><font color=\"#1f1a17\" face=\"MyriadPro-Regular\" size=\"1\"><font color=\"#1f1a17\" face=\"MyriadPro-Regular\" size=\"1\">2,35mm \u00e7apl\u0131 mil pamuk, deri ve ke\u00e7e polisaj diskleri. Polisaj macunyla meta, alt\u0131n,<\/font><\/font><\/font><\/p>\n<p>\n\t<font color=\"#1f1a17\" face=\"MyriadPro-Regular\" size=\"1\"><font color=\"#1f1a17\" face=\"MyriadPro-Regular\" size=\"1\"><font color=\"#1f1a17\" face=\"MyriadPro-Regular\" size=\"1\">g\u00fcm\u00fc\u015f, demirsiz metaller ve al\u00fcminyumda son parlatma i\u015fleri i\u00e7in ideal 3ad<\/font><\/font><\/font><\/p>\n<table><\/table>\n","protected":false},"excerpt":{"rendered":"<p align=\"left\">\n\t<font color=\"#1f1a17\" face=\"MyriadPro-Regular\" size=\"1\"><font color=\"#1f1a17\" face=\"MyriadPro-Regular\" size=\"1\"><font color=\"#1f1a17\" face=\"MyriadPro-Regular\" size=\"1\">2,35mm \u00e7apl\u0131 mil pamuk, deri ve ke\u00e7e polisaj diskleri. Polisaj macunyla meta, alt\u0131n,<\/font><\/font><\/font><\/p>\n<p>\n\t<font color=\"#1f1a17\" face=\"MyriadPro-Regular\" size=\"1\"><font color=\"#1f1a17\" face=\"MyriadPro-Regular\" size=\"1\"><font color=\"#1f1a17\" face=\"MyriadPro-Regular\" size=\"1\">g\u00fcm\u00fc\u015f, demirsiz metaller ve al\u00fcminyumda son parlatma i\u015fleri i\u00e7in ideal 3ad<\/font><\/font><\/font><\/p>\n","protected":false},"featured_media":20626,"comment_status":"open","ping_status":"closed","template":"","meta":{"_acf_changed":false},"product_brand":[1501],"product_cat":[926],"product_tag":[],"class_list":{"0":"post-20627","1":"product","2":"type-product","3":"status-publish","4":"has-post-thumbnail","6":"product_brand-proxxon","7":"product_cat-aksesuarlar-mikro-aletleri","9":"first","10":"instock","11":"taxable","12":"shipping-taxable","13":"purchasable","14":"product-type-simple","15":"add-to-wishlist-after_add_to_cart"},"acf":[],"_links":{"self":[{"href":"https:\/\/www.makitamarket.com.tr\/site\/wp-json\/wp\/v2\/product\/20627","targetHints":{"allow":["GET"]}}],"collection":[{"href":"https:\/\/www.makitamarket.com.tr\/site\/wp-json\/wp\/v2\/product"}],"about":[{"href":"https:\/\/www.makitamarket.com.tr\/site\/wp-json\/wp\/v2\/types\/product"}],"replies":[{"embeddable":true,"href":"https:\/\/www.makitamarket.com.tr\/site\/wp-json\/wp\/v2\/comments?post=20627"}],"wp:featuredmedia":[{"embeddable":true,"href":"https:\/\/www.makitamarket.com.tr\/site\/wp-json\/wp\/v2\/media\/20626"}],"wp:attachment":[{"href":"https:\/\/www.makitamarket.com.tr\/site\/wp-json\/wp\/v2\/media?parent=20627"}],"wp:term":[{"taxonomy":"product_brand","embeddable":true,"href":"https:\/\/www.makitamarket.com.tr\/site\/wp-json\/wp\/v2\/product_brand?post=20627"},{"taxonomy":"product_cat","embeddable":true,"href":"https:\/\/www.makitamarket.com.tr\/site\/wp-json\/wp\/v2\/product_cat?post=20627"},{"taxonomy":"product_tag","embeddable":true,"href":"https:\/\/www.makitamarket.com.tr\/site\/wp-json\/wp\/v2\/product_tag?post=20627"}],"curies":[{"name":"wp","href":"https:\/\/api.w.org\/{rel}","templated":true}]}}