{"id":20635,"date":"2024-11-28T20:29:58","date_gmt":"2024-11-28T17:29:58","guid":{"rendered":"https:\/\/www.makitamarket.com.tr\/site\/urun\/partner-gri-telli-daire-firca-200x25-mm\/"},"modified":"2026-03-30T10:46:26","modified_gmt":"2026-03-30T07:46:26","slug":"partner-gri-telli-daire-firca-200x25-mm","status":"publish","type":"product","link":"https:\/\/www.makitamarket.com.tr\/site\/urun\/partner-gri-telli-daire-firca-200x25-mm\/","title":{"rendered":"Partner PT02022 GR\u0130 TELL\u0130 DA\u0130RE FIR\u00c7A 200&#215;25 mm"},"content":{"rendered":"<table>\n<tr>\n<td>\u00c7ap (mm) (\u00dcr\u00fcn x G\u00f6bek)<\/td>\n<td>\u00d8200 x 25<\/td>\n<\/tr>\n<tr>\n<td>Tel \u00c7ap\u0131 (mm)<\/td>\n<td>0.30<\/td>\n<\/tr>\n<tr>\n<td>Koli Adedi<\/td>\n<td>20<\/td>\n<\/tr>\n<\/table>\n","protected":false},"excerpt":{"rendered":"<p>\u00c7ap (mm) (\u00dcr\u00fcn x G\u00f6bek) \u00d8200 x 25 Tel \u00c7ap\u0131 (mm) 0.30 Koli Adedi 20<\/p>\n","protected":false},"featured_media":20634,"comment_status":"open","ping_status":"closed","template":"","meta":{"_acf_changed":false},"product_brand":[1553],"product_cat":[807],"product_tag":[],"class_list":{"0":"post-20635","1":"product","2":"type-product","3":"status-publish","4":"has-post-thumbnail","6":"product_brand-partner","7":"product_cat-aksesuarlar-fircalar","9":"first","10":"instock","11":"taxable","12":"shipping-taxable","13":"purchasable","14":"product-type-simple","15":"add-to-wishlist-after_add_to_cart"},"acf":[],"_links":{"self":[{"href":"https:\/\/www.makitamarket.com.tr\/site\/wp-json\/wp\/v2\/product\/20635","targetHints":{"allow":["GET"]}}],"collection":[{"href":"https:\/\/www.makitamarket.com.tr\/site\/wp-json\/wp\/v2\/product"}],"about":[{"href":"https:\/\/www.makitamarket.com.tr\/site\/wp-json\/wp\/v2\/types\/product"}],"replies":[{"embeddable":true,"href":"https:\/\/www.makitamarket.com.tr\/site\/wp-json\/wp\/v2\/comments?post=20635"}],"wp:featuredmedia":[{"embeddable":true,"href":"https:\/\/www.makitamarket.com.tr\/site\/wp-json\/wp\/v2\/media\/20634"}],"wp:attachment":[{"href":"https:\/\/www.makitamarket.com.tr\/site\/wp-json\/wp\/v2\/media?parent=20635"}],"wp:term":[{"taxonomy":"product_brand","embeddable":true,"href":"https:\/\/www.makitamarket.com.tr\/site\/wp-json\/wp\/v2\/product_brand?post=20635"},{"taxonomy":"product_cat","embeddable":true,"href":"https:\/\/www.makitamarket.com.tr\/site\/wp-json\/wp\/v2\/product_cat?post=20635"},{"taxonomy":"product_tag","embeddable":true,"href":"https:\/\/www.makitamarket.com.tr\/site\/wp-json\/wp\/v2\/product_tag?post=20635"}],"curies":[{"name":"wp","href":"https:\/\/api.w.org\/{rel}","templated":true}]}}