{"id":20651,"date":"2024-11-28T20:30:02","date_gmt":"2024-11-28T17:30:02","guid":{"rendered":"https:\/\/www.makitamarket.com.tr\/site\/urun\/makita-canak-firca-dalgali-telli-75xm14x2-mm\/"},"modified":"2026-04-06T17:20:14","modified_gmt":"2026-04-06T14:20:14","slug":"makita-canak-firca-dalgali-telli-75xm14x2-mm","status":"publish","type":"product","link":"https:\/\/www.makitamarket.com.tr\/site\/urun\/makita-canak-firca-dalgali-telli-75xm14x2-mm\/","title":{"rendered":"Makita D-24094 \u00c7ANAK FIR\u00c7A &#8211; DALGALI TELL\u0130 75xM14x2 mm"},"content":{"rendered":"<p>\n\tKullan\u0131m\u0131 : Pas kazma<\/p>\n<table>\n<tr>\n<td>\u00d6l\u00e7\u00fcler<\/td>\n<td>75 x M14 x 2 mm<\/td>\n<\/tr>\n<tr>\n<td>Tip<\/td>\n<td>Dalgal\u0131 Telli<\/td>\n<\/tr>\n<\/table>\n","protected":false},"excerpt":{"rendered":"<p>\n\tKullan\u0131m\u0131 : Pas kazma<\/p>\n","protected":false},"featured_media":0,"comment_status":"open","ping_status":"closed","template":"","meta":{"_acf_changed":false},"product_brand":[1485],"product_cat":[1394],"product_tag":[],"class_list":{"0":"post-20651","1":"product","2":"type-product","3":"status-publish","5":"product_brand-makita","6":"product_cat-canak-tipi-el-fircalar","8":"first","9":"instock","10":"taxable","11":"shipping-taxable","12":"purchasable","13":"product-type-simple","14":"add-to-wishlist-after_add_to_cart"},"acf":[],"_links":{"self":[{"href":"https:\/\/www.makitamarket.com.tr\/site\/wp-json\/wp\/v2\/product\/20651","targetHints":{"allow":["GET"]}}],"collection":[{"href":"https:\/\/www.makitamarket.com.tr\/site\/wp-json\/wp\/v2\/product"}],"about":[{"href":"https:\/\/www.makitamarket.com.tr\/site\/wp-json\/wp\/v2\/types\/product"}],"replies":[{"embeddable":true,"href":"https:\/\/www.makitamarket.com.tr\/site\/wp-json\/wp\/v2\/comments?post=20651"}],"wp:attachment":[{"href":"https:\/\/www.makitamarket.com.tr\/site\/wp-json\/wp\/v2\/media?parent=20651"}],"wp:term":[{"taxonomy":"product_brand","embeddable":true,"href":"https:\/\/www.makitamarket.com.tr\/site\/wp-json\/wp\/v2\/product_brand?post=20651"},{"taxonomy":"product_cat","embeddable":true,"href":"https:\/\/www.makitamarket.com.tr\/site\/wp-json\/wp\/v2\/product_cat?post=20651"},{"taxonomy":"product_tag","embeddable":true,"href":"https:\/\/www.makitamarket.com.tr\/site\/wp-json\/wp\/v2\/product_tag?post=20651"}],"curies":[{"name":"wp","href":"https:\/\/api.w.org\/{rel}","templated":true}]}}