{"id":20657,"date":"2024-11-28T20:30:04","date_gmt":"2024-11-28T17:30:04","guid":{"rendered":"https:\/\/www.makitamarket.com.tr\/site\/urun\/makita-cam-ve-fayans-delme-ucu-12x80-mm\/"},"modified":"2026-04-13T22:53:41","modified_gmt":"2026-04-13T19:53:41","slug":"makita-cam-ve-fayans-delme-ucu-12x80-mm","status":"publish","type":"product","link":"https:\/\/www.makitamarket.com.tr\/site\/urun\/makita-cam-ve-fayans-delme-ucu-12x80-mm\/","title":{"rendered":"Makita D-25177 CAM VE FAYANS DELME UCU 12&#215;80 mm"},"content":{"rendered":"<table>\n<tr>\n<td>Matkap \u00c7ap\u0131<\/td>\n<td>12<\/td>\n<\/tr>\n<tr>\n<td>Matkap Boyu<\/td>\n<td>80<\/td>\n<\/tr>\n<tr>\n<td>\u00c7ap<\/td>\n<td>12 mm<\/td>\n<\/tr>\n<tr>\n<td>Uzunluk<\/td>\n<td>80 mm<\/td>\n<\/tr>\n<\/table>\n","protected":false},"excerpt":{"rendered":"<p>Matkap \u00c7ap\u0131 12 Matkap Boyu 80 \u00c7ap 12 mm Uzunluk 80 mm<\/p>\n","protected":false},"featured_media":0,"comment_status":"open","ping_status":"closed","template":"","meta":{"_acf_changed":false},"product_brand":[1485],"product_cat":[1251],"product_tag":[],"class_list":{"0":"post-20657","1":"product","2":"type-product","3":"status-publish","5":"product_brand-makita","6":"product_cat-cam-ve-fayans-delme-uclari","8":"first","9":"outofstock","10":"taxable","11":"shipping-taxable","12":"purchasable","13":"product-type-simple","14":"add-to-wishlist-after_add_to_cart"},"acf":[],"_links":{"self":[{"href":"https:\/\/www.makitamarket.com.tr\/site\/wp-json\/wp\/v2\/product\/20657","targetHints":{"allow":["GET"]}}],"collection":[{"href":"https:\/\/www.makitamarket.com.tr\/site\/wp-json\/wp\/v2\/product"}],"about":[{"href":"https:\/\/www.makitamarket.com.tr\/site\/wp-json\/wp\/v2\/types\/product"}],"replies":[{"embeddable":true,"href":"https:\/\/www.makitamarket.com.tr\/site\/wp-json\/wp\/v2\/comments?post=20657"}],"wp:attachment":[{"href":"https:\/\/www.makitamarket.com.tr\/site\/wp-json\/wp\/v2\/media?parent=20657"}],"wp:term":[{"taxonomy":"product_brand","embeddable":true,"href":"https:\/\/www.makitamarket.com.tr\/site\/wp-json\/wp\/v2\/product_brand?post=20657"},{"taxonomy":"product_cat","embeddable":true,"href":"https:\/\/www.makitamarket.com.tr\/site\/wp-json\/wp\/v2\/product_cat?post=20657"},{"taxonomy":"product_tag","embeddable":true,"href":"https:\/\/www.makitamarket.com.tr\/site\/wp-json\/wp\/v2\/product_tag?post=20657"}],"curies":[{"name":"wp","href":"https:\/\/api.w.org\/{rel}","templated":true}]}}