{"id":20707,"date":"2024-11-28T20:30:34","date_gmt":"2024-11-28T17:30:34","guid":{"rendered":"https:\/\/www.makitamarket.com.tr\/site\/urun\/makita-dekupaj-testere-bicagi-ahsap-plastik-no58\/"},"modified":"2026-04-06T17:22:06","modified_gmt":"2026-04-06T14:22:06","slug":"makita-dekupaj-testere-bicagi-ahsap-plastik-no58","status":"publish","type":"product","link":"https:\/\/www.makitamarket.com.tr\/site\/urun\/makita-dekupaj-testere-bicagi-ahsap-plastik-no58\/","title":{"rendered":"Makita A-86577 DEKUPAJ TESTERE BI\u00c7A\u011eI AH\u015eAP &#8211; PLAST\u0130K NO:58"},"content":{"rendered":"<p>\n\tAh\u015fap ve plasti\u011fin h\u0131zl\u0131 kesimi i\u00e7in kullan\u0131lmaktad\u0131r.<\/p>\n<table>\n<tr>\n<td>Uzunda \u00c7al\u0131\u015fma<\/td>\n<td>75<\/td>\n<\/tr>\n<tr>\n<td>Ah\u015fap Kesim<\/td>\n<td>4 &#8211; 65<\/td>\n<\/tr>\n<tr>\n<td>Plastik Kesim<\/td>\n<td>4 &#8211; 65<\/td>\n<\/tr>\n<tr>\n<td>\u0130nch Ba\u015f\u0131 Di\u015f<\/td>\n<td>8<\/td>\n<\/tr>\n<tr>\n<td>B\u0131\u00e7ak Materyali<\/td>\n<td>HCS<\/td>\n<\/tr>\n<\/table>\n","protected":false},"excerpt":{"rendered":"<p>\n\tAh\u015fap ve plasti\u011fin h\u0131zl\u0131 kesimi i\u00e7in kullan\u0131lmaktad\u0131r.<\/p>\n","protected":false},"featured_media":20706,"comment_status":"open","ping_status":"closed","template":"","meta":{"_acf_changed":false},"product_brand":[1485],"product_cat":[1204],"product_tag":[],"class_list":{"0":"post-20707","1":"product","2":"type-product","3":"status-publish","4":"has-post-thumbnail","6":"product_brand-makita","7":"product_cat-b-tipi-kama-tipi-bicaklar","9":"first","10":"instock","11":"taxable","12":"shipping-taxable","13":"purchasable","14":"product-type-simple","15":"add-to-wishlist-after_add_to_cart"},"acf":[],"_links":{"self":[{"href":"https:\/\/www.makitamarket.com.tr\/site\/wp-json\/wp\/v2\/product\/20707","targetHints":{"allow":["GET"]}}],"collection":[{"href":"https:\/\/www.makitamarket.com.tr\/site\/wp-json\/wp\/v2\/product"}],"about":[{"href":"https:\/\/www.makitamarket.com.tr\/site\/wp-json\/wp\/v2\/types\/product"}],"replies":[{"embeddable":true,"href":"https:\/\/www.makitamarket.com.tr\/site\/wp-json\/wp\/v2\/comments?post=20707"}],"wp:featuredmedia":[{"embeddable":true,"href":"https:\/\/www.makitamarket.com.tr\/site\/wp-json\/wp\/v2\/media\/20706"}],"wp:attachment":[{"href":"https:\/\/www.makitamarket.com.tr\/site\/wp-json\/wp\/v2\/media?parent=20707"}],"wp:term":[{"taxonomy":"product_brand","embeddable":true,"href":"https:\/\/www.makitamarket.com.tr\/site\/wp-json\/wp\/v2\/product_brand?post=20707"},{"taxonomy":"product_cat","embeddable":true,"href":"https:\/\/www.makitamarket.com.tr\/site\/wp-json\/wp\/v2\/product_cat?post=20707"},{"taxonomy":"product_tag","embeddable":true,"href":"https:\/\/www.makitamarket.com.tr\/site\/wp-json\/wp\/v2\/product_tag?post=20707"}],"curies":[{"name":"wp","href":"https:\/\/api.w.org\/{rel}","templated":true}]}}