{"id":20736,"date":"2024-11-28T20:30:50","date_gmt":"2024-11-28T17:30:50","guid":{"rendered":"https:\/\/www.makitamarket.com.tr\/site\/urun\/makita-bi-metal-delik-testere-14-mm\/"},"modified":"2026-04-13T22:55:40","modified_gmt":"2026-04-13T19:55:40","slug":"makita-bi-metal-delik-testere-14-mm","status":"publish","type":"product","link":"https:\/\/www.makitamarket.com.tr\/site\/urun\/makita-bi-metal-delik-testere-14-mm\/","title":{"rendered":"Makita D-35368 B\u0130 METAL DEL\u0130K TESTERE 14 mm"},"content":{"rendered":"<p>\n\t4 b\u00fcy\u00fck ve 6 k\u00fc\u00e7\u00fck de\u011fi\u015fken di\u015f s\u0131ral\u0131 dizayn\u0131 ile yumu\u015fak \u00e7elik levhalar, al\u00fcminyum, bak\u0131r, prini\u00e7, ah\u015fap ve plastik malzemelerde delilk a\u00e7mak i\u00e7in kullan\u0131l\u0131r.<\/p>\n<p>\n\t\u00c7al\u0131\u015fma uzunlu\u011fu : 38 mm&#8217; dir.<\/p>\n<table>\n<tr>\n<td>Matkap \u00c7ap\u0131<\/td>\n<td>14<\/td>\n<\/tr>\n<\/table>\n","protected":false},"excerpt":{"rendered":"<p>\n\t4 b\u00fcy\u00fck ve 6 k\u00fc\u00e7\u00fck de\u011fi\u015fken di\u015f s\u0131ral\u0131 dizayn\u0131 ile yumu\u015fak \u00e7elik levhalar, al\u00fcminyum, bak\u0131r, prini\u00e7, ah\u015fap ve plastik malzemelerde delilk a\u00e7mak i\u00e7in kullan\u0131l\u0131r.<\/p>\n<p>\n\t\u00c7al\u0131\u015fma uzunlu\u011fu : 38 mm&#8217; dir.<\/p>\n","protected":false},"featured_media":20735,"comment_status":"open","ping_status":"closed","template":"","meta":{"_acf_changed":false},"product_brand":[1485],"product_cat":[814],"product_tag":[],"class_list":{"0":"post-20736","1":"product","2":"type-product","3":"status-publish","4":"has-post-thumbnail","6":"product_brand-makita","7":"product_cat-bi-metal-delik-testereler","9":"first","10":"instock","11":"taxable","12":"shipping-taxable","13":"purchasable","14":"product-type-simple","15":"add-to-wishlist-after_add_to_cart"},"acf":[],"_links":{"self":[{"href":"https:\/\/www.makitamarket.com.tr\/site\/wp-json\/wp\/v2\/product\/20736","targetHints":{"allow":["GET"]}}],"collection":[{"href":"https:\/\/www.makitamarket.com.tr\/site\/wp-json\/wp\/v2\/product"}],"about":[{"href":"https:\/\/www.makitamarket.com.tr\/site\/wp-json\/wp\/v2\/types\/product"}],"replies":[{"embeddable":true,"href":"https:\/\/www.makitamarket.com.tr\/site\/wp-json\/wp\/v2\/comments?post=20736"}],"wp:featuredmedia":[{"embeddable":true,"href":"https:\/\/www.makitamarket.com.tr\/site\/wp-json\/wp\/v2\/media\/20735"}],"wp:attachment":[{"href":"https:\/\/www.makitamarket.com.tr\/site\/wp-json\/wp\/v2\/media?parent=20736"}],"wp:term":[{"taxonomy":"product_brand","embeddable":true,"href":"https:\/\/www.makitamarket.com.tr\/site\/wp-json\/wp\/v2\/product_brand?post=20736"},{"taxonomy":"product_cat","embeddable":true,"href":"https:\/\/www.makitamarket.com.tr\/site\/wp-json\/wp\/v2\/product_cat?post=20736"},{"taxonomy":"product_tag","embeddable":true,"href":"https:\/\/www.makitamarket.com.tr\/site\/wp-json\/wp\/v2\/product_tag?post=20736"}],"curies":[{"name":"wp","href":"https:\/\/api.w.org\/{rel}","templated":true}]}}