{"id":20765,"date":"2024-11-28T20:31:04","date_gmt":"2024-11-28T17:31:04","guid":{"rendered":"https:\/\/www.makitamarket.com.tr\/site\/urun\/proxxon-hss-matkap-ucu-3-lu-1-2-mm\/"},"modified":"2026-03-30T10:49:22","modified_gmt":"2026-03-30T07:49:22","slug":"proxxon-hss-matkap-ucu-3-lu-1-2-mm","status":"publish","type":"product","link":"https:\/\/www.makitamarket.com.tr\/site\/urun\/proxxon-hss-matkap-ucu-3-lu-1-2-mm\/","title":{"rendered":"Proxxon 28856 HSS MATKAP UCU 3 L\u00dc 1.2 mm"},"content":{"rendered":"<table>\n<tr>\n<td>U\u00e7 \u00c7ap\u0131<\/td>\n<td>1,2 mm.<\/td>\n<\/tr>\n<tr>\n<td>U\u00e7 uzunlu\u011fu<\/td>\n<td>8<\/td>\n<\/tr>\n<tr>\n<td>Uzunlu\u011fu<\/td>\n<td>44<\/td>\n<\/tr>\n<\/table>\n","protected":false},"excerpt":{"rendered":"<p>U\u00e7 \u00c7ap\u0131 1,2 mm. U\u00e7 uzunlu\u011fu 8 Uzunlu\u011fu 44<\/p>\n","protected":false},"featured_media":20764,"comment_status":"open","ping_status":"closed","template":"","meta":{"_acf_changed":false},"product_brand":[1501],"product_cat":[926],"product_tag":[],"class_list":{"0":"post-20765","1":"product","2":"type-product","3":"status-publish","4":"has-post-thumbnail","6":"product_brand-proxxon","7":"product_cat-aksesuarlar-mikro-aletleri","9":"first","10":"outofstock","11":"taxable","12":"shipping-taxable","13":"purchasable","14":"product-type-simple","15":"add-to-wishlist-after_add_to_cart"},"acf":[],"_links":{"self":[{"href":"https:\/\/www.makitamarket.com.tr\/site\/wp-json\/wp\/v2\/product\/20765","targetHints":{"allow":["GET"]}}],"collection":[{"href":"https:\/\/www.makitamarket.com.tr\/site\/wp-json\/wp\/v2\/product"}],"about":[{"href":"https:\/\/www.makitamarket.com.tr\/site\/wp-json\/wp\/v2\/types\/product"}],"replies":[{"embeddable":true,"href":"https:\/\/www.makitamarket.com.tr\/site\/wp-json\/wp\/v2\/comments?post=20765"}],"wp:featuredmedia":[{"embeddable":true,"href":"https:\/\/www.makitamarket.com.tr\/site\/wp-json\/wp\/v2\/media\/20764"}],"wp:attachment":[{"href":"https:\/\/www.makitamarket.com.tr\/site\/wp-json\/wp\/v2\/media?parent=20765"}],"wp:term":[{"taxonomy":"product_brand","embeddable":true,"href":"https:\/\/www.makitamarket.com.tr\/site\/wp-json\/wp\/v2\/product_brand?post=20765"},{"taxonomy":"product_cat","embeddable":true,"href":"https:\/\/www.makitamarket.com.tr\/site\/wp-json\/wp\/v2\/product_cat?post=20765"},{"taxonomy":"product_tag","embeddable":true,"href":"https:\/\/www.makitamarket.com.tr\/site\/wp-json\/wp\/v2\/product_tag?post=20765"}],"curies":[{"name":"wp","href":"https:\/\/api.w.org\/{rel}","templated":true}]}}