{"id":20773,"date":"2024-11-28T20:31:06","date_gmt":"2024-11-28T17:31:06","guid":{"rendered":"https:\/\/www.makitamarket.com.tr\/site\/urun\/hawk-gri-burma-telli-daire-firca-115-mm\/"},"modified":"2026-03-30T10:49:26","modified_gmt":"2026-03-30T07:49:26","slug":"hawk-gri-burma-telli-daire-firca-115-mm","status":"publish","type":"product","link":"https:\/\/www.makitamarket.com.tr\/site\/urun\/hawk-gri-burma-telli-daire-firca-115-mm\/","title":{"rendered":"Hawk HA10155 GR\u0130 BURMA TELL\u0130 DA\u0130RE FIR\u00c7A 115 mm"},"content":{"rendered":"<table>\n<tr>\n<td>\u00dcr\u00fcn \u00c7ap\u0131 (mm)<\/td>\n<td>\u00d8115<\/td>\n<\/tr>\n<tr>\n<td>Koli Adedi<\/td>\n<td>42<\/td>\n<\/tr>\n<tr>\n<td>Tel \u00c7ap\u0131 (mm)<\/td>\n<td>0.50<\/td>\n<\/tr>\n<\/table>\n","protected":false},"excerpt":{"rendered":"<p>\u00dcr\u00fcn \u00c7ap\u0131 (mm) \u00d8115 Koli Adedi 42 Tel \u00c7ap\u0131 (mm) 0.50<\/p>\n","protected":false},"featured_media":20772,"comment_status":"open","ping_status":"closed","template":"","meta":{"_acf_changed":false},"product_brand":[1538],"product_cat":[807],"product_tag":[],"class_list":{"0":"post-20773","1":"product","2":"type-product","3":"status-publish","4":"has-post-thumbnail","6":"product_brand-hawk","7":"product_cat-aksesuarlar-fircalar","9":"first","10":"instock","11":"taxable","12":"shipping-taxable","13":"purchasable","14":"product-type-simple","15":"add-to-wishlist-after_add_to_cart"},"acf":[],"_links":{"self":[{"href":"https:\/\/www.makitamarket.com.tr\/site\/wp-json\/wp\/v2\/product\/20773","targetHints":{"allow":["GET"]}}],"collection":[{"href":"https:\/\/www.makitamarket.com.tr\/site\/wp-json\/wp\/v2\/product"}],"about":[{"href":"https:\/\/www.makitamarket.com.tr\/site\/wp-json\/wp\/v2\/types\/product"}],"replies":[{"embeddable":true,"href":"https:\/\/www.makitamarket.com.tr\/site\/wp-json\/wp\/v2\/comments?post=20773"}],"wp:featuredmedia":[{"embeddable":true,"href":"https:\/\/www.makitamarket.com.tr\/site\/wp-json\/wp\/v2\/media\/20772"}],"wp:attachment":[{"href":"https:\/\/www.makitamarket.com.tr\/site\/wp-json\/wp\/v2\/media?parent=20773"}],"wp:term":[{"taxonomy":"product_brand","embeddable":true,"href":"https:\/\/www.makitamarket.com.tr\/site\/wp-json\/wp\/v2\/product_brand?post=20773"},{"taxonomy":"product_cat","embeddable":true,"href":"https:\/\/www.makitamarket.com.tr\/site\/wp-json\/wp\/v2\/product_cat?post=20773"},{"taxonomy":"product_tag","embeddable":true,"href":"https:\/\/www.makitamarket.com.tr\/site\/wp-json\/wp\/v2\/product_tag?post=20773"}],"curies":[{"name":"wp","href":"https:\/\/api.w.org\/{rel}","templated":true}]}}