{"id":20799,"date":"2024-11-28T20:31:16","date_gmt":"2024-11-28T17:31:16","guid":{"rendered":"https:\/\/www.makitamarket.com.tr\/site\/urun\/proxxon-silikon-karbur-zimpara-diski-2000-kum-12-li\/"},"modified":"2026-04-06T17:25:09","modified_gmt":"2026-04-06T14:25:09","slug":"proxxon-silikon-karbur-zimpara-diski-2000-kum-12-li","status":"publish","type":"product","link":"https:\/\/www.makitamarket.com.tr\/site\/urun\/proxxon-silikon-karbur-zimpara-diski-2000-kum-12-li\/","title":{"rendered":"Proxxon 28670 S\u0130L\u0130KON KARB\u00dcR ZIMPARA D\u0130SK\u0130 2000 KUM 12 L\u0130"},"content":{"rendered":"<p>\n\tSilikon karb\u00fcr z\u0131mpara diskleri 12 adet<\/p>\n<table><\/table>\n","protected":false},"excerpt":{"rendered":"<p>\n\tSilikon karb\u00fcr z\u0131mpara diskleri 12 adet<\/p>\n","protected":false},"featured_media":20798,"comment_status":"open","ping_status":"closed","template":"","meta":{"_acf_changed":false},"product_brand":[1501],"product_cat":[926],"product_tag":[],"class_list":{"0":"post-20799","1":"product","2":"type-product","3":"status-publish","4":"has-post-thumbnail","6":"product_brand-proxxon","7":"product_cat-aksesuarlar-mikro-aletleri","9":"first","10":"outofstock","11":"taxable","12":"shipping-taxable","13":"purchasable","14":"product-type-simple","15":"add-to-wishlist-after_add_to_cart"},"acf":[],"_links":{"self":[{"href":"https:\/\/www.makitamarket.com.tr\/site\/wp-json\/wp\/v2\/product\/20799","targetHints":{"allow":["GET"]}}],"collection":[{"href":"https:\/\/www.makitamarket.com.tr\/site\/wp-json\/wp\/v2\/product"}],"about":[{"href":"https:\/\/www.makitamarket.com.tr\/site\/wp-json\/wp\/v2\/types\/product"}],"replies":[{"embeddable":true,"href":"https:\/\/www.makitamarket.com.tr\/site\/wp-json\/wp\/v2\/comments?post=20799"}],"wp:featuredmedia":[{"embeddable":true,"href":"https:\/\/www.makitamarket.com.tr\/site\/wp-json\/wp\/v2\/media\/20798"}],"wp:attachment":[{"href":"https:\/\/www.makitamarket.com.tr\/site\/wp-json\/wp\/v2\/media?parent=20799"}],"wp:term":[{"taxonomy":"product_brand","embeddable":true,"href":"https:\/\/www.makitamarket.com.tr\/site\/wp-json\/wp\/v2\/product_brand?post=20799"},{"taxonomy":"product_cat","embeddable":true,"href":"https:\/\/www.makitamarket.com.tr\/site\/wp-json\/wp\/v2\/product_cat?post=20799"},{"taxonomy":"product_tag","embeddable":true,"href":"https:\/\/www.makitamarket.com.tr\/site\/wp-json\/wp\/v2\/product_tag?post=20799"}],"curies":[{"name":"wp","href":"https:\/\/api.w.org\/{rel}","templated":true}]}}