{"id":20802,"date":"2024-11-28T20:31:17","date_gmt":"2024-11-28T17:31:17","guid":{"rendered":"https:\/\/www.makitamarket.com.tr\/site\/urun\/proxxon-standart-disli-testere-inc-basina-36-dis-12-li\/"},"modified":"2026-04-06T17:25:14","modified_gmt":"2026-04-06T14:25:14","slug":"proxxon-standart-disli-testere-inc-basina-36-dis-12-li","status":"publish","type":"product","link":"https:\/\/www.makitamarket.com.tr\/site\/urun\/proxxon-standart-disli-testere-inc-basina-36-dis-12-li\/","title":{"rendered":"Proxxon 28112 STANDART D\u0130\u015eL\u0130 TESTERE (\u0130N\u00c7 BA\u015eINA 36 D\u0130\u015e) 12 L\u0130"},"content":{"rendered":"<p>\n\tStandart di\u015fli testere (in\u00e7 ba\u015f\u0131na 36 di\u015f)<\/p>\n<table><\/table>\n","protected":false},"excerpt":{"rendered":"<p>\n\tStandart di\u015fli testere (in\u00e7 ba\u015f\u0131na 36 di\u015f)<\/p>\n","protected":false},"featured_media":20801,"comment_status":"open","ping_status":"closed","template":"","meta":{"_acf_changed":false},"product_brand":[1501],"product_cat":[926],"product_tag":[],"class_list":{"0":"post-20802","1":"product","2":"type-product","3":"status-publish","4":"has-post-thumbnail","6":"product_brand-proxxon","7":"product_cat-aksesuarlar-mikro-aletleri","9":"first","10":"outofstock","11":"taxable","12":"shipping-taxable","13":"purchasable","14":"product-type-simple","15":"add-to-wishlist-after_add_to_cart"},"acf":[],"_links":{"self":[{"href":"https:\/\/www.makitamarket.com.tr\/site\/wp-json\/wp\/v2\/product\/20802","targetHints":{"allow":["GET"]}}],"collection":[{"href":"https:\/\/www.makitamarket.com.tr\/site\/wp-json\/wp\/v2\/product"}],"about":[{"href":"https:\/\/www.makitamarket.com.tr\/site\/wp-json\/wp\/v2\/types\/product"}],"replies":[{"embeddable":true,"href":"https:\/\/www.makitamarket.com.tr\/site\/wp-json\/wp\/v2\/comments?post=20802"}],"wp:featuredmedia":[{"embeddable":true,"href":"https:\/\/www.makitamarket.com.tr\/site\/wp-json\/wp\/v2\/media\/20801"}],"wp:attachment":[{"href":"https:\/\/www.makitamarket.com.tr\/site\/wp-json\/wp\/v2\/media?parent=20802"}],"wp:term":[{"taxonomy":"product_brand","embeddable":true,"href":"https:\/\/www.makitamarket.com.tr\/site\/wp-json\/wp\/v2\/product_brand?post=20802"},{"taxonomy":"product_cat","embeddable":true,"href":"https:\/\/www.makitamarket.com.tr\/site\/wp-json\/wp\/v2\/product_cat?post=20802"},{"taxonomy":"product_tag","embeddable":true,"href":"https:\/\/www.makitamarket.com.tr\/site\/wp-json\/wp\/v2\/product_tag?post=20802"}],"curies":[{"name":"wp","href":"https:\/\/api.w.org\/{rel}","templated":true}]}}