{"id":20822,"date":"2024-11-28T20:31:21","date_gmt":"2024-11-28T17:31:21","guid":{"rendered":"https:\/\/www.makitamarket.com.tr\/site\/urun\/gison-yedek-havali-kilic-testere-bicagi-32-dis\/"},"modified":"2026-04-06T17:29:42","modified_gmt":"2026-04-06T14:29:42","slug":"gison-yedek-havali-kilic-testere-bicagi-32-dis","status":"publish","type":"product","link":"https:\/\/www.makitamarket.com.tr\/site\/urun\/gison-yedek-havali-kilic-testere-bicagi-32-dis\/","title":{"rendered":"Gison GP848B4632 YEDEK HAVALI KILI\u00c7 TESTERE BI\u00c7A\u011eI 32 D\u0130\u015e"},"content":{"rendered":"<table>\n<tr>\n<td>Kulland\u0131\u011f\u0131 Makine<\/td>\n<td>GP848B uyumlu<\/td>\n<\/tr>\n<tr>\n<td>Di\u015f Say\u0131s\u0131<\/td>\n<td>32<\/td>\n<\/tr>\n<tr>\n<td>Kesime uygun malzeme<\/td>\n<td>Yumu\u015fak metal kesmek i\u00e7in<\/td>\n<\/tr>\n<\/table>\n","protected":false},"excerpt":{"rendered":"<p>Kulland\u0131\u011f\u0131 Makine GP848B uyumlu Di\u015f Say\u0131s\u0131 32 Kesime uygun malzeme Yumu\u015fak metal kesmek i\u00e7in<\/p>\n","protected":false},"featured_media":20985,"comment_status":"open","ping_status":"closed","template":"","meta":{"_acf_changed":false},"product_brand":[1512],"product_cat":[1119],"product_tag":[],"class_list":{"0":"post-20822","1":"product","2":"type-product","3":"status-publish","4":"has-post-thumbnail","6":"product_brand-gison","7":"product_cat-havali-kilic-testere-ve-egeler","9":"first","10":"outofstock","11":"taxable","12":"shipping-taxable","13":"purchasable","14":"product-type-simple","15":"add-to-wishlist-after_add_to_cart"},"acf":[],"_links":{"self":[{"href":"https:\/\/www.makitamarket.com.tr\/site\/wp-json\/wp\/v2\/product\/20822","targetHints":{"allow":["GET"]}}],"collection":[{"href":"https:\/\/www.makitamarket.com.tr\/site\/wp-json\/wp\/v2\/product"}],"about":[{"href":"https:\/\/www.makitamarket.com.tr\/site\/wp-json\/wp\/v2\/types\/product"}],"replies":[{"embeddable":true,"href":"https:\/\/www.makitamarket.com.tr\/site\/wp-json\/wp\/v2\/comments?post=20822"}],"wp:featuredmedia":[{"embeddable":true,"href":"https:\/\/www.makitamarket.com.tr\/site\/wp-json\/wp\/v2\/media\/20985"}],"wp:attachment":[{"href":"https:\/\/www.makitamarket.com.tr\/site\/wp-json\/wp\/v2\/media?parent=20822"}],"wp:term":[{"taxonomy":"product_brand","embeddable":true,"href":"https:\/\/www.makitamarket.com.tr\/site\/wp-json\/wp\/v2\/product_brand?post=20822"},{"taxonomy":"product_cat","embeddable":true,"href":"https:\/\/www.makitamarket.com.tr\/site\/wp-json\/wp\/v2\/product_cat?post=20822"},{"taxonomy":"product_tag","embeddable":true,"href":"https:\/\/www.makitamarket.com.tr\/site\/wp-json\/wp\/v2\/product_tag?post=20822"}],"curies":[{"name":"wp","href":"https:\/\/api.w.org\/{rel}","templated":true}]}}