{"id":20824,"date":"2024-11-28T20:31:22","date_gmt":"2024-11-28T17:31:22","guid":{"rendered":"https:\/\/www.makitamarket.com.tr\/site\/urun\/topshop-5-li-cam-ve-fayans-kazima-yedek-bicagi-seti\/"},"modified":"2026-03-30T10:49:32","modified_gmt":"2026-03-30T07:49:32","slug":"topshop-5-li-cam-ve-fayans-kazima-yedek-bicagi-seti","status":"publish","type":"product","link":"https:\/\/www.makitamarket.com.tr\/site\/urun\/topshop-5-li-cam-ve-fayans-kazima-yedek-bicagi-seti\/","title":{"rendered":"Topshop TH03096 5 L\u0130 CAM VE FAYANS KAZIMA YEDEK BI\u00c7A\u011eI SET\u0130"},"content":{"rendered":"<table>\n<tr>\n<td>B\u0131\u00e7ak Uzunlu\u011fu<\/td>\n<td>89 mm<\/td>\n<\/tr>\n<tr>\n<td>Paket \u0130\u00e7i Adedi<\/td>\n<td>5<\/td>\n<\/tr>\n<\/table>\n","protected":false},"excerpt":{"rendered":"<p>B\u0131\u00e7ak Uzunlu\u011fu 89 mm Paket \u0130\u00e7i Adedi 5<\/p>\n","protected":false},"featured_media":20823,"comment_status":"open","ping_status":"closed","template":"","meta":{"_acf_changed":false},"product_brand":[1496],"product_cat":[1098,1099],"product_tag":[],"class_list":{"0":"post-20824","1":"product","2":"type-product","3":"status-publish","4":"has-post-thumbnail","6":"product_brand-topshop","7":"product_cat-cam-kirma-pensi","8":"product_cat-kesme-vantuz-ve-kaziyicilar","10":"first","11":"instock","12":"taxable","13":"shipping-taxable","14":"purchasable","15":"product-type-simple","16":"add-to-wishlist-after_add_to_cart"},"acf":[],"_links":{"self":[{"href":"https:\/\/www.makitamarket.com.tr\/site\/wp-json\/wp\/v2\/product\/20824","targetHints":{"allow":["GET"]}}],"collection":[{"href":"https:\/\/www.makitamarket.com.tr\/site\/wp-json\/wp\/v2\/product"}],"about":[{"href":"https:\/\/www.makitamarket.com.tr\/site\/wp-json\/wp\/v2\/types\/product"}],"replies":[{"embeddable":true,"href":"https:\/\/www.makitamarket.com.tr\/site\/wp-json\/wp\/v2\/comments?post=20824"}],"wp:featuredmedia":[{"embeddable":true,"href":"https:\/\/www.makitamarket.com.tr\/site\/wp-json\/wp\/v2\/media\/20823"}],"wp:attachment":[{"href":"https:\/\/www.makitamarket.com.tr\/site\/wp-json\/wp\/v2\/media?parent=20824"}],"wp:term":[{"taxonomy":"product_brand","embeddable":true,"href":"https:\/\/www.makitamarket.com.tr\/site\/wp-json\/wp\/v2\/product_brand?post=20824"},{"taxonomy":"product_cat","embeddable":true,"href":"https:\/\/www.makitamarket.com.tr\/site\/wp-json\/wp\/v2\/product_cat?post=20824"},{"taxonomy":"product_tag","embeddable":true,"href":"https:\/\/www.makitamarket.com.tr\/site\/wp-json\/wp\/v2\/product_tag?post=20824"}],"curies":[{"name":"wp","href":"https:\/\/api.w.org\/{rel}","templated":true}]}}