{"id":20839,"date":"2024-11-28T20:31:33","date_gmt":"2024-11-28T17:31:33","guid":{"rendered":"https:\/\/www.makitamarket.com.tr\/site\/urun\/proxxon-cam-isleme-seti-4-parca\/"},"modified":"2025-07-11T00:18:10","modified_gmt":"2025-07-10T21:18:10","slug":"proxxon-cam-isleme-seti-4-parca","status":"publish","type":"product","link":"https:\/\/www.makitamarket.com.tr\/site\/urun\/proxxon-cam-isleme-seti-4-parca\/","title":{"rendered":"Proxxon 28920 CAM \u0130\u015eLEME SET\u0130 4 PAR\u00c7A"},"content":{"rendered":"<div>\n\t<strong><span style=\"font-size:12px;\"><span style=\"font-family:tahoma,geneva,sans-serif;\">D\u00f6rt par\u00e7al\u0131 set<br \/>\n\t<\/span><\/span><\/strong><\/div>\n<div>\n\t2 elmas ta\u015flama ucu ve 2 silikon karb\u00fcr ta\u015flama ucu.cam\u0131n grav\u00fcrleme, tafllama ve buzlama i\u015fleri i\u00e7in.<\/div>\n<div>\n\t<strong>Elmas u\u00e7 1: <\/strong>yuvarlak\u00d8 1.0mm,<\/div>\n<div>\n\t<strong>Elmas u\u00e7 2: <\/strong>yuvarlak \u00d8 1.8mm.<\/div>\n<div>\n\tSilikon karb\u00fcr u\u00e7 konik 3\/2 x 5mm ve silindir 2\/2.5 x 7mm.<\/div>\n<div>\n\tB\u00fct\u00fcn saplar 2.35mm\u2019dir.<\/div>\n<div>\n\t<span style=\"font-size:12px;\"><span style=\"font-family:tahoma,geneva,sans-serif;\"><br \/>\n\t<\/span><\/span><\/div>\n<table><\/table>\n","protected":false},"excerpt":{"rendered":"<div>\n\t<strong><span style=\"font-size:12px;\"><span style=\"font-family:tahoma,geneva,sans-serif;\">D\u00f6rt par\u00e7al\u0131 set<br \/>\n\t<\/span><\/span><\/strong><\/div>\n<div>\n\t2 elmas ta\u015flama ucu ve 2 silikon karb\u00fcr ta\u015flama ucu.cam\u0131n grav\u00fcrleme, tafllama ve buzlama i\u015fleri i\u00e7in.<\/div>\n<div>\n\t<strong>Elmas u\u00e7 1: <\/strong>yuvarlak\u00d8 1.0mm,<\/div>\n<div>\n\t<strong>Elmas u\u00e7 2: <\/strong>yuvarlak \u00d8 1.8mm.<\/div>\n<div>\n\tSilikon karb\u00fcr u\u00e7 konik 3\/2 x 5mm ve silindir 2\/2.5 x 7mm.<\/div>\n<div>\n\tB\u00fct\u00fcn saplar 2.35mm\u2019dir.<\/div>\n<div>\n\t<span style=\"font-size:12px;\"><span style=\"font-family:tahoma,geneva,sans-serif;\"><br \/>\n\t<\/span><\/span><\/div>\n","protected":false},"featured_media":20838,"comment_status":"open","ping_status":"closed","template":"","meta":{"_acf_changed":false},"product_brand":[],"product_cat":[926],"product_tag":[],"class_list":{"0":"post-20839","1":"product","2":"type-product","3":"status-publish","4":"has-post-thumbnail","6":"product_cat-aksesuarlar-mikro-aletleri","8":"first","9":"outofstock","10":"taxable","11":"shipping-taxable","12":"purchasable","13":"product-type-simple","14":"add-to-wishlist-after_add_to_cart"},"acf":[],"_links":{"self":[{"href":"https:\/\/www.makitamarket.com.tr\/site\/wp-json\/wp\/v2\/product\/20839","targetHints":{"allow":["GET"]}}],"collection":[{"href":"https:\/\/www.makitamarket.com.tr\/site\/wp-json\/wp\/v2\/product"}],"about":[{"href":"https:\/\/www.makitamarket.com.tr\/site\/wp-json\/wp\/v2\/types\/product"}],"replies":[{"embeddable":true,"href":"https:\/\/www.makitamarket.com.tr\/site\/wp-json\/wp\/v2\/comments?post=20839"}],"wp:featuredmedia":[{"embeddable":true,"href":"https:\/\/www.makitamarket.com.tr\/site\/wp-json\/wp\/v2\/media\/20838"}],"wp:attachment":[{"href":"https:\/\/www.makitamarket.com.tr\/site\/wp-json\/wp\/v2\/media?parent=20839"}],"wp:term":[{"taxonomy":"product_brand","embeddable":true,"href":"https:\/\/www.makitamarket.com.tr\/site\/wp-json\/wp\/v2\/product_brand?post=20839"},{"taxonomy":"product_cat","embeddable":true,"href":"https:\/\/www.makitamarket.com.tr\/site\/wp-json\/wp\/v2\/product_cat?post=20839"},{"taxonomy":"product_tag","embeddable":true,"href":"https:\/\/www.makitamarket.com.tr\/site\/wp-json\/wp\/v2\/product_tag?post=20839"}],"curies":[{"name":"wp","href":"https:\/\/api.w.org\/{rel}","templated":true}]}}