{"id":20846,"date":"2024-11-28T20:31:35","date_gmt":"2024-11-28T17:31:35","guid":{"rendered":"https:\/\/www.makitamarket.com.tr\/site\/urun\/makita-17-mm-cap-arkali-sivri-keski-280-mm\/"},"modified":"2026-04-21T04:24:18","modified_gmt":"2026-04-21T01:24:18","slug":"makita-17-mm-cap-arkali-sivri-keski-280-mm","status":"publish","type":"product","link":"https:\/\/www.makitamarket.com.tr\/site\/urun\/makita-17-mm-cap-arkali-sivri-keski-280-mm\/","title":{"rendered":"Makita D-08682 17 mm \u00c7AP ARKALI S\u0130VR\u0130 KESK\u0130 280 mm"},"content":{"rendered":"<p>\n\tMakita MT M8600M ve benzeri keski kullanan makinalarda kullan\u0131l\u0131r.<\/p>\n<table>\n<tr>\n<td>Tip<\/td>\n<td>Sivri<\/td>\n<\/tr>\n<tr>\n<td>\u00d6l\u00e7\u00fcler<\/td>\n<td>280 mm<\/td>\n<\/tr>\n<\/table>\n","protected":false},"excerpt":{"rendered":"<p>\n\tMakita MT M8600M ve benzeri keski kullanan makinalarda kullan\u0131l\u0131r.<\/p>\n","protected":false},"featured_media":20845,"comment_status":"open","ping_status":"closed","template":"","meta":{"_acf_changed":false},"product_brand":[1485],"product_cat":[1431],"product_tag":[],"class_list":{"0":"post-20846","1":"product","2":"type-product","3":"status-publish","4":"has-post-thumbnail","6":"product_brand-makita","7":"product_cat-17mm-cap-arkali-keskiler","9":"first","10":"instock","11":"taxable","12":"shipping-taxable","13":"purchasable","14":"product-type-simple","15":"add-to-wishlist-after_add_to_cart"},"acf":[],"_links":{"self":[{"href":"https:\/\/www.makitamarket.com.tr\/site\/wp-json\/wp\/v2\/product\/20846","targetHints":{"allow":["GET"]}}],"collection":[{"href":"https:\/\/www.makitamarket.com.tr\/site\/wp-json\/wp\/v2\/product"}],"about":[{"href":"https:\/\/www.makitamarket.com.tr\/site\/wp-json\/wp\/v2\/types\/product"}],"replies":[{"embeddable":true,"href":"https:\/\/www.makitamarket.com.tr\/site\/wp-json\/wp\/v2\/comments?post=20846"}],"wp:featuredmedia":[{"embeddable":true,"href":"https:\/\/www.makitamarket.com.tr\/site\/wp-json\/wp\/v2\/media\/20845"}],"wp:attachment":[{"href":"https:\/\/www.makitamarket.com.tr\/site\/wp-json\/wp\/v2\/media?parent=20846"}],"wp:term":[{"taxonomy":"product_brand","embeddable":true,"href":"https:\/\/www.makitamarket.com.tr\/site\/wp-json\/wp\/v2\/product_brand?post=20846"},{"taxonomy":"product_cat","embeddable":true,"href":"https:\/\/www.makitamarket.com.tr\/site\/wp-json\/wp\/v2\/product_cat?post=20846"},{"taxonomy":"product_tag","embeddable":true,"href":"https:\/\/www.makitamarket.com.tr\/site\/wp-json\/wp\/v2\/product_tag?post=20846"}],"curies":[{"name":"wp","href":"https:\/\/api.w.org\/{rel}","templated":true}]}}