{"id":20865,"date":"2024-11-28T20:31:41","date_gmt":"2024-11-28T17:31:41","guid":{"rendered":"https:\/\/www.makitamarket.com.tr\/site\/urun\/procut-super-turbo-testere-115-st\/"},"modified":"2026-03-30T10:51:21","modified_gmt":"2026-03-30T07:51:21","slug":"procut-super-turbo-testere-115-st","status":"publish","type":"product","link":"https:\/\/www.makitamarket.com.tr\/site\/urun\/procut-super-turbo-testere-115-st\/","title":{"rendered":"Procut PR50985 S\u00dcPER TURBO TESTERE 115 ST"},"content":{"rendered":"<p>\n\tGranit, Do\u011fal Ta\u015f, Seramik, Porselen, Mermer<\/p>\n<table>\n<tr>\n<td>Modeli<\/td>\n<td>S\u00fcper Turbo &#8211; 115 ST.<\/td>\n<\/tr>\n<tr>\n<td>D\u0131\u015f \u00c7ap<\/td>\n<td>115 mm.<\/td>\n<\/tr>\n<tr>\n<td>G\u00f6bek \u00e7ap\u0131<\/td>\n<td>22.23 mm.<\/td>\n<\/tr>\n<tr>\n<td>Kal\u0131nl\u0131k<\/td>\n<td>2.2 mm.<\/td>\n<\/tr>\n<tr>\n<td>Elmas Y\u00fcksekli\u011fi<\/td>\n<td>7.0 mm.<\/td>\n<\/tr>\n<\/table>\n","protected":false},"excerpt":{"rendered":"<p>\n\tGranit, Do\u011fal Ta\u015f, Seramik, Porselen, Mermer<\/p>\n","protected":false},"featured_media":20864,"comment_status":"open","ping_status":"closed","template":"","meta":{"_acf_changed":false},"product_brand":[1539],"product_cat":[1234],"product_tag":[],"class_list":{"0":"post-20865","1":"product","2":"type-product","3":"status-publish","4":"has-post-thumbnail","6":"product_brand-procut","7":"product_cat-115mm-testereler","9":"first","10":"instock","11":"taxable","12":"shipping-taxable","13":"purchasable","14":"product-type-simple","15":"add-to-wishlist-after_add_to_cart"},"acf":[],"_links":{"self":[{"href":"https:\/\/www.makitamarket.com.tr\/site\/wp-json\/wp\/v2\/product\/20865","targetHints":{"allow":["GET"]}}],"collection":[{"href":"https:\/\/www.makitamarket.com.tr\/site\/wp-json\/wp\/v2\/product"}],"about":[{"href":"https:\/\/www.makitamarket.com.tr\/site\/wp-json\/wp\/v2\/types\/product"}],"replies":[{"embeddable":true,"href":"https:\/\/www.makitamarket.com.tr\/site\/wp-json\/wp\/v2\/comments?post=20865"}],"wp:featuredmedia":[{"embeddable":true,"href":"https:\/\/www.makitamarket.com.tr\/site\/wp-json\/wp\/v2\/media\/20864"}],"wp:attachment":[{"href":"https:\/\/www.makitamarket.com.tr\/site\/wp-json\/wp\/v2\/media?parent=20865"}],"wp:term":[{"taxonomy":"product_brand","embeddable":true,"href":"https:\/\/www.makitamarket.com.tr\/site\/wp-json\/wp\/v2\/product_brand?post=20865"},{"taxonomy":"product_cat","embeddable":true,"href":"https:\/\/www.makitamarket.com.tr\/site\/wp-json\/wp\/v2\/product_cat?post=20865"},{"taxonomy":"product_tag","embeddable":true,"href":"https:\/\/www.makitamarket.com.tr\/site\/wp-json\/wp\/v2\/product_tag?post=20865"}],"curies":[{"name":"wp","href":"https:\/\/api.w.org\/{rel}","templated":true}]}}