{"id":20904,"date":"2024-11-28T20:31:54","date_gmt":"2024-11-28T17:31:54","guid":{"rendered":"https:\/\/www.makitamarket.com.tr\/site\/urun\/makita-m-tipi-dekupaj-testere-bicagi-no3\/"},"modified":"2025-08-28T10:11:12","modified_gmt":"2025-08-28T07:11:12","slug":"makita-m-tipi-dekupaj-testere-bicagi-no3","status":"publish","type":"product","link":"https:\/\/www.makitamarket.com.tr\/site\/urun\/makita-m-tipi-dekupaj-testere-bicagi-no3\/","title":{"rendered":"Makita A-85868 M T\u0130P\u0130 DEKUPAJ TESTERE BI\u00c7A\u011eI NO:3"},"content":{"rendered":"<p>\n\tAh\u015fap ve plastiklerin genel kesimi i\u00e7in kullan\u0131l\u0131r.<\/p>\n<table>\n<tr>\n<td>Uzunda \u00c7al\u0131\u015fma<\/td>\n<td>60<\/td>\n<\/tr>\n<tr>\n<td>Ah\u015fap Kesim<\/td>\n<td>3 &#8211; 50<\/td>\n<\/tr>\n<tr>\n<td>Plastik Kesim<\/td>\n<td>3 &#8211; 50<\/td>\n<\/tr>\n<tr>\n<td>\u0130nch Ba\u015f\u0131 Di\u015f<\/td>\n<td>9<\/td>\n<\/tr>\n<tr>\n<td>B\u0131\u00e7ak Materyali<\/td>\n<td>HCS<\/td>\n<\/tr>\n<\/table>\n","protected":false},"excerpt":{"rendered":"<p>\n\tAh\u015fap ve plastiklerin genel kesimi i\u00e7in kullan\u0131l\u0131r.<\/p>\n","protected":false},"featured_media":20903,"comment_status":"open","ping_status":"closed","template":"","meta":{"_acf_changed":false},"product_brand":[],"product_cat":[1456],"product_tag":[],"class_list":{"0":"post-20904","1":"product","2":"type-product","3":"status-publish","4":"has-post-thumbnail","6":"product_cat-dekupaj-testere-bicaklari-aksesuarlar-aksesuarlar","8":"first","9":"instock","10":"taxable","11":"shipping-taxable","12":"purchasable","13":"product-type-simple","14":"add-to-wishlist-after_add_to_cart"},"acf":[],"_links":{"self":[{"href":"https:\/\/www.makitamarket.com.tr\/site\/wp-json\/wp\/v2\/product\/20904","targetHints":{"allow":["GET"]}}],"collection":[{"href":"https:\/\/www.makitamarket.com.tr\/site\/wp-json\/wp\/v2\/product"}],"about":[{"href":"https:\/\/www.makitamarket.com.tr\/site\/wp-json\/wp\/v2\/types\/product"}],"replies":[{"embeddable":true,"href":"https:\/\/www.makitamarket.com.tr\/site\/wp-json\/wp\/v2\/comments?post=20904"}],"wp:featuredmedia":[{"embeddable":true,"href":"https:\/\/www.makitamarket.com.tr\/site\/wp-json\/wp\/v2\/media\/20903"}],"wp:attachment":[{"href":"https:\/\/www.makitamarket.com.tr\/site\/wp-json\/wp\/v2\/media?parent=20904"}],"wp:term":[{"taxonomy":"product_brand","embeddable":true,"href":"https:\/\/www.makitamarket.com.tr\/site\/wp-json\/wp\/v2\/product_brand?post=20904"},{"taxonomy":"product_cat","embeddable":true,"href":"https:\/\/www.makitamarket.com.tr\/site\/wp-json\/wp\/v2\/product_cat?post=20904"},{"taxonomy":"product_tag","embeddable":true,"href":"https:\/\/www.makitamarket.com.tr\/site\/wp-json\/wp\/v2\/product_tag?post=20904"}],"curies":[{"name":"wp","href":"https:\/\/api.w.org\/{rel}","templated":true}]}}