{"id":20921,"date":"2024-11-28T20:31:59","date_gmt":"2024-11-28T17:31:59","guid":{"rendered":"https:\/\/www.makitamarket.com.tr\/site\/urun\/blu-mol-12-li-saatci-ege-seti-160x4-mm\/"},"modified":"2026-04-06T17:28:26","modified_gmt":"2026-04-06T14:28:26","slug":"blu-mol-12-li-saatci-ege-seti-160x4-mm","status":"publish","type":"product","link":"https:\/\/www.makitamarket.com.tr\/site\/urun\/blu-mol-12-li-saatci-ege-seti-160x4-mm\/","title":{"rendered":"Blu-Mol VI29307 12 L\u0130 SAAT\u00c7\u0130 E\u011eE SET\u0130 160&#215;4 mm"},"content":{"rendered":"<table>\n<tr>\n<td>\u00d6l\u00e7\u00fcs\u00fc<\/td>\n<td>160 x 4 mm.<\/td>\n<\/tr>\n<tr>\n<td>Koli Adedi<\/td>\n<td>200<\/td>\n<\/tr>\n<\/table>\n","protected":false},"excerpt":{"rendered":"<p>\u00d6l\u00e7\u00fcs\u00fc 160 x 4 mm. Koli Adedi 200<\/p>\n","protected":false},"featured_media":20920,"comment_status":"open","ping_status":"closed","template":"","meta":{"_acf_changed":false},"product_brand":[1559],"product_cat":[1031],"product_tag":[],"class_list":{"0":"post-20921","1":"product","2":"type-product","3":"status-publish","4":"has-post-thumbnail","6":"product_brand-blu-mol","7":"product_cat-egeler","9":"first","10":"instock","11":"taxable","12":"shipping-taxable","13":"purchasable","14":"product-type-simple","15":"add-to-wishlist-after_add_to_cart"},"acf":[],"_links":{"self":[{"href":"https:\/\/www.makitamarket.com.tr\/site\/wp-json\/wp\/v2\/product\/20921","targetHints":{"allow":["GET"]}}],"collection":[{"href":"https:\/\/www.makitamarket.com.tr\/site\/wp-json\/wp\/v2\/product"}],"about":[{"href":"https:\/\/www.makitamarket.com.tr\/site\/wp-json\/wp\/v2\/types\/product"}],"replies":[{"embeddable":true,"href":"https:\/\/www.makitamarket.com.tr\/site\/wp-json\/wp\/v2\/comments?post=20921"}],"wp:featuredmedia":[{"embeddable":true,"href":"https:\/\/www.makitamarket.com.tr\/site\/wp-json\/wp\/v2\/media\/20920"}],"wp:attachment":[{"href":"https:\/\/www.makitamarket.com.tr\/site\/wp-json\/wp\/v2\/media?parent=20921"}],"wp:term":[{"taxonomy":"product_brand","embeddable":true,"href":"https:\/\/www.makitamarket.com.tr\/site\/wp-json\/wp\/v2\/product_brand?post=20921"},{"taxonomy":"product_cat","embeddable":true,"href":"https:\/\/www.makitamarket.com.tr\/site\/wp-json\/wp\/v2\/product_cat?post=20921"},{"taxonomy":"product_tag","embeddable":true,"href":"https:\/\/www.makitamarket.com.tr\/site\/wp-json\/wp\/v2\/product_tag?post=20921"}],"curies":[{"name":"wp","href":"https:\/\/api.w.org\/{rel}","templated":true}]}}