{"id":20932,"date":"2024-11-28T20:32:05","date_gmt":"2024-11-28T17:32:05","guid":{"rendered":"https:\/\/www.makitamarket.com.tr\/site\/urun\/partner-bakir-pirinc-aluminyum-ve-pvc-boru-kesme-3-16-mm\/"},"modified":"2026-03-30T10:52:28","modified_gmt":"2026-03-30T07:52:28","slug":"partner-bakir-pirinc-aluminyum-ve-pvc-boru-kesme-3-16-mm","status":"publish","type":"product","link":"https:\/\/www.makitamarket.com.tr\/site\/urun\/partner-bakir-pirinc-aluminyum-ve-pvc-boru-kesme-3-16-mm\/","title":{"rendered":"Partner PT03075 BAKIR, P\u0130R\u0130N\u00c7, AL\u00dcM\u0130NYUM VE PVC BORU KESME 3 &#8211; 16 mm"},"content":{"rendered":"<p>\n\tBak\u0131r, pirin\u00e7, al\u00fcminyum ve PVC borular\u0131 kesmek i\u00e7in.<\/p>\n<table>\n<tr>\n<td>\u00d6l\u00e7\u00fc<\/td>\n<td>3 &#8211; 16 mm<\/td>\n<\/tr>\n<tr>\n<td>Paket \/ Koli \u0130\u00e7i Adedi<\/td>\n<td>6 \/ 36<\/td>\n<\/tr>\n<\/table>\n","protected":false},"excerpt":{"rendered":"<p>\n\tBak\u0131r, pirin\u00e7, al\u00fcminyum ve PVC borular\u0131 kesmek i\u00e7in.<\/p>\n","protected":false},"featured_media":20931,"comment_status":"open","ping_status":"closed","template":"","meta":{"_acf_changed":false},"product_brand":[1553],"product_cat":[1146],"product_tag":[],"class_list":{"0":"post-20932","1":"product","2":"type-product","3":"status-publish","4":"has-post-thumbnail","6":"product_brand-partner","7":"product_cat-bakir-boru-kesiciler","9":"first","10":"instock","11":"taxable","12":"shipping-taxable","13":"purchasable","14":"product-type-simple","15":"add-to-wishlist-after_add_to_cart"},"acf":[],"_links":{"self":[{"href":"https:\/\/www.makitamarket.com.tr\/site\/wp-json\/wp\/v2\/product\/20932","targetHints":{"allow":["GET"]}}],"collection":[{"href":"https:\/\/www.makitamarket.com.tr\/site\/wp-json\/wp\/v2\/product"}],"about":[{"href":"https:\/\/www.makitamarket.com.tr\/site\/wp-json\/wp\/v2\/types\/product"}],"replies":[{"embeddable":true,"href":"https:\/\/www.makitamarket.com.tr\/site\/wp-json\/wp\/v2\/comments?post=20932"}],"wp:featuredmedia":[{"embeddable":true,"href":"https:\/\/www.makitamarket.com.tr\/site\/wp-json\/wp\/v2\/media\/20931"}],"wp:attachment":[{"href":"https:\/\/www.makitamarket.com.tr\/site\/wp-json\/wp\/v2\/media?parent=20932"}],"wp:term":[{"taxonomy":"product_brand","embeddable":true,"href":"https:\/\/www.makitamarket.com.tr\/site\/wp-json\/wp\/v2\/product_brand?post=20932"},{"taxonomy":"product_cat","embeddable":true,"href":"https:\/\/www.makitamarket.com.tr\/site\/wp-json\/wp\/v2\/product_cat?post=20932"},{"taxonomy":"product_tag","embeddable":true,"href":"https:\/\/www.makitamarket.com.tr\/site\/wp-json\/wp\/v2\/product_tag?post=20932"}],"curies":[{"name":"wp","href":"https:\/\/api.w.org\/{rel}","templated":true}]}}