{"id":20973,"date":"2024-11-28T20:32:23","date_gmt":"2024-11-28T17:32:23","guid":{"rendered":"https:\/\/www.makitamarket.com.tr\/site\/urun\/prosaw-ahsap-daire-testeresi-18-dis-160-mm\/"},"modified":"2026-03-15T11:58:32","modified_gmt":"2026-03-15T08:58:32","slug":"prosaw-ahsap-daire-testeresi-18-dis-160-mm","status":"publish","type":"product","link":"https:\/\/www.makitamarket.com.tr\/site\/urun\/prosaw-ahsap-daire-testeresi-18-dis-160-mm\/","title":{"rendered":"Prosaw PS51207 AH\u015eAP DA\u0130RE TESTERES\u0130 18 D\u0130\u015e 160 mm"},"content":{"rendered":"<table>\n<tr>\n<td>Testere \u00c7ap\u0131 (mm)<\/td>\n<td>160<\/td>\n<\/tr>\n<tr>\n<td>G\u00f6bek \u00c7ap\u0131 (mm)<\/td>\n<td>20\/16<\/td>\n<\/tr>\n<tr>\n<td>Elmas Kal\u0131nl\u0131\u011f\u0131 (mm)<\/td>\n<td>2.0<\/td>\n<\/tr>\n<tr>\n<td>G\u00f6vde Kal\u0131nl\u0131\u011f\u0131(mm)<\/td>\n<td>1.4<\/td>\n<\/tr>\n<tr>\n<td>Di\u015f Say\u0131s\u0131<\/td>\n<td>18<\/td>\n<\/tr>\n<\/table>\n","protected":false},"excerpt":{"rendered":"<p>Testere \u00c7ap\u0131 (mm) 160 G\u00f6bek \u00c7ap\u0131 (mm) 20\/16 Elmas Kal\u0131nl\u0131\u011f\u0131 (mm) 2.0 G\u00f6vde Kal\u0131nl\u0131\u011f\u0131(mm) 1.4 Di\u015f Say\u0131s\u0131 18<\/p>\n","protected":false},"featured_media":20972,"comment_status":"open","ping_status":"closed","template":"","meta":{"_acf_changed":false},"product_brand":[1524],"product_cat":[1050],"product_tag":[],"class_list":{"0":"post-20973","1":"product","2":"type-product","3":"status-publish","4":"has-post-thumbnail","6":"product_brand-prosaw","7":"product_cat-ahsap-daire-testereler","9":"first","10":"outofstock","11":"taxable","12":"shipping-taxable","13":"purchasable","14":"product-type-simple","15":"add-to-wishlist-after_add_to_cart"},"acf":[],"_links":{"self":[{"href":"https:\/\/www.makitamarket.com.tr\/site\/wp-json\/wp\/v2\/product\/20973","targetHints":{"allow":["GET"]}}],"collection":[{"href":"https:\/\/www.makitamarket.com.tr\/site\/wp-json\/wp\/v2\/product"}],"about":[{"href":"https:\/\/www.makitamarket.com.tr\/site\/wp-json\/wp\/v2\/types\/product"}],"replies":[{"embeddable":true,"href":"https:\/\/www.makitamarket.com.tr\/site\/wp-json\/wp\/v2\/comments?post=20973"}],"wp:featuredmedia":[{"embeddable":true,"href":"https:\/\/www.makitamarket.com.tr\/site\/wp-json\/wp\/v2\/media\/20972"}],"wp:attachment":[{"href":"https:\/\/www.makitamarket.com.tr\/site\/wp-json\/wp\/v2\/media?parent=20973"}],"wp:term":[{"taxonomy":"product_brand","embeddable":true,"href":"https:\/\/www.makitamarket.com.tr\/site\/wp-json\/wp\/v2\/product_brand?post=20973"},{"taxonomy":"product_cat","embeddable":true,"href":"https:\/\/www.makitamarket.com.tr\/site\/wp-json\/wp\/v2\/product_cat?post=20973"},{"taxonomy":"product_tag","embeddable":true,"href":"https:\/\/www.makitamarket.com.tr\/site\/wp-json\/wp\/v2\/product_tag?post=20973"}],"curies":[{"name":"wp","href":"https:\/\/api.w.org\/{rel}","templated":true}]}}