{"id":20986,"date":"2024-11-28T20:32:27","date_gmt":"2024-11-28T17:32:27","guid":{"rendered":"https:\/\/www.makitamarket.com.tr\/site\/urun\/makita-v-plus-serisi-sds-plus-2-elmasli-uc-6x260-mm\/"},"modified":"2026-03-30T10:53:33","modified_gmt":"2026-03-30T07:53:33","slug":"makita-v-plus-serisi-sds-plus-2-elmasli-uc-6x260-mm","status":"publish","type":"product","link":"https:\/\/www.makitamarket.com.tr\/site\/urun\/makita-v-plus-serisi-sds-plus-2-elmasli-uc-6x260-mm\/","title":{"rendered":"Makita B-47357 V PLUS SER\u0130S\u0130 SDS PLUS 2 ELMASLI U\u00c7 6&#215;260 mm"},"content":{"rendered":"<div>\n\tGeni\u015fletilmi\u015f kanallar demir donat\u0131ya kar\u015f\u0131 %35 daha dayan\u0131kl\u0131d\u0131r. Geli\u015ftirilmi\u015f yan u\u00e7lar minimum s\u0131k\u0131\u015fma yapar, maksimum hasar \u00f6nler.<\/div>\n<div>\n\tY\u00fckseltilmi\u015f kesici kenarlar, beton y\u00fczeyine enerjinin t\u00fcm\u00fcn\u00fc zaman\u0131nda uygulamas\u0131 sayesinde di\u011fer u\u00e7lara g\u00f6re %25 daha h\u0131zl\u0131 delme yapar.\u00a0<\/div>\n<table>\n<tr>\n<td>\u00c7ap<\/td>\n<td>6 mm<\/td>\n<\/tr>\n<tr>\n<td>Uzunluk<\/td>\n<td>260 mm<\/td>\n<\/tr>\n<tr>\n<td>\u00c7al\u0131\u015fma Uzunlu\u011fu<\/td>\n<td>200 mm<\/td>\n<\/tr>\n<\/table>\n","protected":false},"excerpt":{"rendered":"<div>\n\tGeni\u015fletilmi\u015f kanallar demir donat\u0131ya kar\u015f\u0131 %35 daha dayan\u0131kl\u0131d\u0131r. Geli\u015ftirilmi\u015f yan u\u00e7lar minimum s\u0131k\u0131\u015fma yapar, maksimum hasar \u00f6nler.<\/div>\n<div>\n\tY\u00fckseltilmi\u015f kesici kenarlar, beton y\u00fczeyine enerjinin t\u00fcm\u00fcn\u00fc zaman\u0131nda uygulamas\u0131 sayesinde di\u011fer u\u00e7lara g\u00f6re %25 daha h\u0131zl\u0131 delme yapar.\u00a0<\/div>\n","protected":false},"featured_media":0,"comment_status":"open","ping_status":"closed","template":"","meta":{"_acf_changed":false},"product_brand":[1485],"product_cat":[1149],"product_tag":[],"class_list":{"0":"post-20986","1":"product","2":"type-product","3":"status-publish","5":"product_brand-makita","6":"product_cat-sds-plus-uclar","8":"first","9":"instock","10":"taxable","11":"shipping-taxable","12":"purchasable","13":"product-type-simple","14":"add-to-wishlist-after_add_to_cart"},"acf":[],"_links":{"self":[{"href":"https:\/\/www.makitamarket.com.tr\/site\/wp-json\/wp\/v2\/product\/20986","targetHints":{"allow":["GET"]}}],"collection":[{"href":"https:\/\/www.makitamarket.com.tr\/site\/wp-json\/wp\/v2\/product"}],"about":[{"href":"https:\/\/www.makitamarket.com.tr\/site\/wp-json\/wp\/v2\/types\/product"}],"replies":[{"embeddable":true,"href":"https:\/\/www.makitamarket.com.tr\/site\/wp-json\/wp\/v2\/comments?post=20986"}],"wp:attachment":[{"href":"https:\/\/www.makitamarket.com.tr\/site\/wp-json\/wp\/v2\/media?parent=20986"}],"wp:term":[{"taxonomy":"product_brand","embeddable":true,"href":"https:\/\/www.makitamarket.com.tr\/site\/wp-json\/wp\/v2\/product_brand?post=20986"},{"taxonomy":"product_cat","embeddable":true,"href":"https:\/\/www.makitamarket.com.tr\/site\/wp-json\/wp\/v2\/product_cat?post=20986"},{"taxonomy":"product_tag","embeddable":true,"href":"https:\/\/www.makitamarket.com.tr\/site\/wp-json\/wp\/v2\/product_tag?post=20986"}],"curies":[{"name":"wp","href":"https:\/\/api.w.org\/{rel}","templated":true}]}}