{"id":20997,"date":"2024-11-28T20:32:30","date_gmt":"2024-11-28T17:32:30","guid":{"rendered":"https:\/\/www.makitamarket.com.tr\/site\/urun\/proxxon-kesme-diski-5-li-38-mm\/"},"modified":"2026-04-06T17:30:32","modified_gmt":"2026-04-06T14:30:32","slug":"proxxon-kesme-diski-5-li-38-mm","status":"publish","type":"product","link":"https:\/\/www.makitamarket.com.tr\/site\/urun\/proxxon-kesme-diski-5-li-38-mm\/","title":{"rendered":"Proxxon 28818 KESME D\u0130SK\u0130 5 L\u0130 38 mm"},"content":{"rendered":"<p>\n\t<strong><span style=\"font-size:12px;\"><font color=\"#1f1a17\"><font color=\"#1f1a17\"><font color=\"#1f1a17\">Kaplamal\u0131 al\u00fcminyum oksit<br \/>\n\t<\/font><\/font><\/font><\/span><\/strong><\/p>\n<p>\n\t<span style=\"font-size:12px;\"><font color=\"#1f1a17\"><font color=\"#1f1a17\"><font color=\"#1f1a17\">Kesme diskleri 22 x 0.8 ve 38 x 1 \u00f6l\u00e7\u00fclerinde bulunabilmektedir. \u00c7ok zor k\u0131r\u0131ld\u0131\u011f\u0131 i\u00e7in p\u00fcr\u00fcz alma i\u015fleminde kullan\u0131labilir.<\/font><\/font><\/font><br \/>\n\t<\/span><\/p>\n<p>\n\t<span style=\"font-size:12px;\"><font color=\"#1f1a17\"><font color=\"#1f1a17\"><font color=\"#1f1a17\">Ala\u015f\u0131ml\u0131, standart ve paslanmaz \u00e7elik, demirsiz metal ve hatta ah\u015fap ve plasti\u011fi keser.<\/font><\/font><\/font><br \/>\n\t<\/span><\/p>\n<p>\n\t<span style=\"font-size:12px;\"><br \/>\n\t<\/span><\/p>\n<table>\n<tr>\n<td>Disk \u00c7ap\u0131<\/td>\n<td>38 mm.<\/td>\n<\/tr>\n<tr>\n<td>Mil \u00c7ap\u0131<\/td>\n<td>2,35 mm<\/td>\n<\/tr>\n<\/table>\n","protected":false},"excerpt":{"rendered":"<p>\n\t<strong><span style=\"font-size:12px;\"><font color=\"#1f1a17\"><font color=\"#1f1a17\"><font color=\"#1f1a17\">Kaplamal\u0131 al\u00fcminyum oksit<br \/>\n\t<\/font><\/font><\/font><\/span><\/strong><\/p>\n<p>\n\t<span style=\"font-size:12px;\"><font color=\"#1f1a17\"><font color=\"#1f1a17\"><font color=\"#1f1a17\">Kesme diskleri 22 x 0.8 ve 38 x 1 \u00f6l\u00e7\u00fclerinde bulunabilmektedir. \u00c7ok zor k\u0131r\u0131ld\u0131\u011f\u0131 i\u00e7in p\u00fcr\u00fcz alma i\u015fleminde kullan\u0131labilir.<\/font><\/font><\/font><br \/>\n\t<\/span><\/p>\n<p>\n\t<span style=\"font-size:12px;\"><font color=\"#1f1a17\"><font color=\"#1f1a17\"><font color=\"#1f1a17\">Ala\u015f\u0131ml\u0131, standart ve paslanmaz \u00e7elik, demirsiz metal ve hatta ah\u015fap ve plasti\u011fi keser.<\/font><\/font><\/font><br \/>\n\t<\/span><\/p>\n<p>\n\t<span style=\"font-size:12px;\"><br \/>\n\t<\/span><\/p>\n","protected":false},"featured_media":20996,"comment_status":"open","ping_status":"closed","template":"","meta":{"_acf_changed":false},"product_brand":[1501],"product_cat":[926],"product_tag":[],"class_list":{"0":"post-20997","1":"product","2":"type-product","3":"status-publish","4":"has-post-thumbnail","6":"product_brand-proxxon","7":"product_cat-aksesuarlar-mikro-aletleri","9":"first","10":"instock","11":"taxable","12":"shipping-taxable","13":"purchasable","14":"product-type-simple","15":"add-to-wishlist-after_add_to_cart"},"acf":[],"_links":{"self":[{"href":"https:\/\/www.makitamarket.com.tr\/site\/wp-json\/wp\/v2\/product\/20997","targetHints":{"allow":["GET"]}}],"collection":[{"href":"https:\/\/www.makitamarket.com.tr\/site\/wp-json\/wp\/v2\/product"}],"about":[{"href":"https:\/\/www.makitamarket.com.tr\/site\/wp-json\/wp\/v2\/types\/product"}],"replies":[{"embeddable":true,"href":"https:\/\/www.makitamarket.com.tr\/site\/wp-json\/wp\/v2\/comments?post=20997"}],"wp:featuredmedia":[{"embeddable":true,"href":"https:\/\/www.makitamarket.com.tr\/site\/wp-json\/wp\/v2\/media\/20996"}],"wp:attachment":[{"href":"https:\/\/www.makitamarket.com.tr\/site\/wp-json\/wp\/v2\/media?parent=20997"}],"wp:term":[{"taxonomy":"product_brand","embeddable":true,"href":"https:\/\/www.makitamarket.com.tr\/site\/wp-json\/wp\/v2\/product_brand?post=20997"},{"taxonomy":"product_cat","embeddable":true,"href":"https:\/\/www.makitamarket.com.tr\/site\/wp-json\/wp\/v2\/product_cat?post=20997"},{"taxonomy":"product_tag","embeddable":true,"href":"https:\/\/www.makitamarket.com.tr\/site\/wp-json\/wp\/v2\/product_tag?post=20997"}],"curies":[{"name":"wp","href":"https:\/\/api.w.org\/{rel}","templated":true}]}}