{"id":21001,"date":"2024-11-28T20:32:31","date_gmt":"2024-11-28T17:32:31","guid":{"rendered":"https:\/\/www.makitamarket.com.tr\/site\/urun\/proxxon-kesme-diski-10-lu-22-mm\/"},"modified":"2026-03-30T11:05:51","modified_gmt":"2026-03-30T08:05:51","slug":"proxxon-kesme-diski-10-lu-22-mm","status":"publish","type":"product","link":"https:\/\/www.makitamarket.com.tr\/site\/urun\/proxxon-kesme-diski-10-lu-22-mm\/","title":{"rendered":"Proxxon 28810 KESME D\u0130SK\u0130 10 LU 22 mm"},"content":{"rendered":"<p>\n\t<span style=\"font-size:12px;\"><strong><font color=\"#1f1a17\">Korundum z\u0131mparalar<\/font><br \/>\n\t<\/strong><\/span><\/p>\n<p>\n\t<span style=\"font-size:12px;\"><font color=\"#1f1a17\">Diskler \u00f6zel \u00e7apta 22 veya 38&#215;0.7 mm&#8217;lik bile\u015fiklerden yap\u0131lm\u0131\u015ft\u0131r. Ala\u015f\u0131m ve metalleri, paslanmaz \u00e7elik, demirsiz metal, ah\u015fap ve plastik malzemeleri kesmek i\u00e7in kullan\u0131l\u0131r.<\/font><br \/>\n\t<\/span><\/p>\n<p>\n\t<span style=\"font-size:12px;\"><br \/>\n\t<\/span><\/p>\n<table>\n<tr>\n<td>Disk \u00c7ap\u0131<\/td>\n<td>22 mm.<\/td>\n<\/tr>\n<tr>\n<td>Mil \u00c7ap\u0131<\/td>\n<td>2,35 mm<\/td>\n<\/tr>\n<\/table>\n","protected":false},"excerpt":{"rendered":"<p>\n\t<span style=\"font-size:12px;\"><strong><font color=\"#1f1a17\">Korundum z\u0131mparalar<\/font><br \/>\n\t<\/strong><\/span><\/p>\n<p>\n\t<span style=\"font-size:12px;\"><font color=\"#1f1a17\">Diskler \u00f6zel \u00e7apta 22 veya 38&#215;0.7 mm&#8217;lik bile\u015fiklerden yap\u0131lm\u0131\u015ft\u0131r. Ala\u015f\u0131m ve metalleri, paslanmaz \u00e7elik, demirsiz metal, ah\u015fap ve plastik malzemeleri kesmek i\u00e7in kullan\u0131l\u0131r.<\/font><br \/>\n\t<\/span><\/p>\n<p>\n\t<span style=\"font-size:12px;\"><br \/>\n\t<\/span><\/p>\n","protected":false},"featured_media":21555,"comment_status":"open","ping_status":"closed","template":"","meta":{"_acf_changed":false},"product_brand":[1501],"product_cat":[926],"product_tag":[],"class_list":{"0":"post-21001","1":"product","2":"type-product","3":"status-publish","4":"has-post-thumbnail","6":"product_brand-proxxon","7":"product_cat-aksesuarlar-mikro-aletleri","9":"first","10":"outofstock","11":"taxable","12":"shipping-taxable","13":"purchasable","14":"product-type-simple","15":"add-to-wishlist-after_add_to_cart"},"acf":[],"_links":{"self":[{"href":"https:\/\/www.makitamarket.com.tr\/site\/wp-json\/wp\/v2\/product\/21001","targetHints":{"allow":["GET"]}}],"collection":[{"href":"https:\/\/www.makitamarket.com.tr\/site\/wp-json\/wp\/v2\/product"}],"about":[{"href":"https:\/\/www.makitamarket.com.tr\/site\/wp-json\/wp\/v2\/types\/product"}],"replies":[{"embeddable":true,"href":"https:\/\/www.makitamarket.com.tr\/site\/wp-json\/wp\/v2\/comments?post=21001"}],"wp:featuredmedia":[{"embeddable":true,"href":"https:\/\/www.makitamarket.com.tr\/site\/wp-json\/wp\/v2\/media\/21555"}],"wp:attachment":[{"href":"https:\/\/www.makitamarket.com.tr\/site\/wp-json\/wp\/v2\/media?parent=21001"}],"wp:term":[{"taxonomy":"product_brand","embeddable":true,"href":"https:\/\/www.makitamarket.com.tr\/site\/wp-json\/wp\/v2\/product_brand?post=21001"},{"taxonomy":"product_cat","embeddable":true,"href":"https:\/\/www.makitamarket.com.tr\/site\/wp-json\/wp\/v2\/product_cat?post=21001"},{"taxonomy":"product_tag","embeddable":true,"href":"https:\/\/www.makitamarket.com.tr\/site\/wp-json\/wp\/v2\/product_tag?post=21001"}],"curies":[{"name":"wp","href":"https:\/\/api.w.org\/{rel}","templated":true}]}}