{"id":21019,"date":"2024-11-28T20:32:41","date_gmt":"2024-11-28T17:32:41","guid":{"rendered":"https:\/\/www.makitamarket.com.tr\/site\/urun\/makita-makita-a-31251-zimpara-93x228-80kum\/"},"modified":"2026-04-13T23:02:45","modified_gmt":"2026-04-13T20:02:45","slug":"makita-makita-a-31251-zimpara-93x228-80kum","status":"publish","type":"product","link":"https:\/\/www.makitamarket.com.tr\/site\/urun\/makita-makita-a-31251-zimpara-93x228-80kum\/","title":{"rendered":"Makita A-31251 MAKITA A &#8211; 31251 ZIMPARA 93X228 80KUM"},"content":{"rendered":"<table>\n<tr>\n<td>Ka\u011f\u0131t \u00d6l\u00e7\u00fcleri<\/td>\n<td>93 x 228 mm<\/td>\n<\/tr>\n<tr>\n<td>Kum<\/td>\n<td>80<\/td>\n<\/tr>\n<tr>\n<td>Ambalaj \u0130\u00e7eri\u011fi<\/td>\n<td>10 Adet<\/td>\n<\/tr>\n<\/table>\n","protected":false},"excerpt":{"rendered":"<p>Ka\u011f\u0131t \u00d6l\u00e7\u00fcleri 93 x 228 mm Kum 80 Ambalaj \u0130\u00e7eri\u011fi 10 Adet<\/p>\n","protected":false},"featured_media":0,"comment_status":"open","ping_status":"closed","template":"","meta":{"_acf_changed":false},"product_brand":[1485],"product_cat":[1403],"product_tag":[],"class_list":{"0":"post-21019","1":"product","2":"type-product","3":"status-publish","5":"product_brand-makita","6":"product_cat-kagit-zimparalar","8":"first","9":"instock","10":"taxable","11":"shipping-taxable","12":"purchasable","13":"product-type-simple","14":"add-to-wishlist-after_add_to_cart"},"acf":[],"_links":{"self":[{"href":"https:\/\/www.makitamarket.com.tr\/site\/wp-json\/wp\/v2\/product\/21019","targetHints":{"allow":["GET"]}}],"collection":[{"href":"https:\/\/www.makitamarket.com.tr\/site\/wp-json\/wp\/v2\/product"}],"about":[{"href":"https:\/\/www.makitamarket.com.tr\/site\/wp-json\/wp\/v2\/types\/product"}],"replies":[{"embeddable":true,"href":"https:\/\/www.makitamarket.com.tr\/site\/wp-json\/wp\/v2\/comments?post=21019"}],"wp:attachment":[{"href":"https:\/\/www.makitamarket.com.tr\/site\/wp-json\/wp\/v2\/media?parent=21019"}],"wp:term":[{"taxonomy":"product_brand","embeddable":true,"href":"https:\/\/www.makitamarket.com.tr\/site\/wp-json\/wp\/v2\/product_brand?post=21019"},{"taxonomy":"product_cat","embeddable":true,"href":"https:\/\/www.makitamarket.com.tr\/site\/wp-json\/wp\/v2\/product_cat?post=21019"},{"taxonomy":"product_tag","embeddable":true,"href":"https:\/\/www.makitamarket.com.tr\/site\/wp-json\/wp\/v2\/product_tag?post=21019"}],"curies":[{"name":"wp","href":"https:\/\/api.w.org\/{rel}","templated":true}]}}