{"id":21038,"date":"2024-11-28T20:32:50","date_gmt":"2024-11-28T17:32:50","guid":{"rendered":"https:\/\/www.makitamarket.com.tr\/site\/urun\/daye-2-cikisli-musluk-aparati-3-4\/"},"modified":"2025-11-16T11:50:23","modified_gmt":"2025-11-16T08:50:23","slug":"daye-2-cikisli-musluk-aparati-3-4","status":"publish","type":"product","link":"https:\/\/www.makitamarket.com.tr\/site\/urun\/daye-2-cikisli-musluk-aparati-3-4\/","title":{"rendered":"Daye DY8002 2 \u00c7IKI\u015eLI MUSLUK APARATI 3\/4&#8243;"},"content":{"rendered":"<p>\n\t3\/4\u201d 2 \u00c7\u0131k\u0131\u015fl\u0131 Musluk Aparat\u0131<\/p>\n<table>\n<tr>\n<td>Paket Adedi<\/td>\n<td>1<\/td>\n<\/tr>\n<tr>\n<td>EAN Kod<\/td>\n<td>6935637401781<\/td>\n<\/tr>\n<\/table>\n","protected":false},"excerpt":{"rendered":"<p>\n\t3\/4\u201d 2 \u00c7\u0131k\u0131\u015fl\u0131 Musluk Aparat\u0131<\/p>\n","protected":false},"featured_media":21918,"comment_status":"open","ping_status":"closed","template":"","meta":{"_acf_changed":false},"product_brand":[1520],"product_cat":[881],"product_tag":[],"class_list":{"0":"post-21038","1":"product","2":"type-product","3":"status-publish","4":"has-post-thumbnail","6":"product_brand-daye","7":"product_cat-bahce-sulama-aletleri","9":"first","10":"outofstock","11":"taxable","12":"shipping-taxable","13":"purchasable","14":"product-type-simple","15":"add-to-wishlist-after_add_to_cart"},"acf":[],"_links":{"self":[{"href":"https:\/\/www.makitamarket.com.tr\/site\/wp-json\/wp\/v2\/product\/21038","targetHints":{"allow":["GET"]}}],"collection":[{"href":"https:\/\/www.makitamarket.com.tr\/site\/wp-json\/wp\/v2\/product"}],"about":[{"href":"https:\/\/www.makitamarket.com.tr\/site\/wp-json\/wp\/v2\/types\/product"}],"replies":[{"embeddable":true,"href":"https:\/\/www.makitamarket.com.tr\/site\/wp-json\/wp\/v2\/comments?post=21038"}],"wp:featuredmedia":[{"embeddable":true,"href":"https:\/\/www.makitamarket.com.tr\/site\/wp-json\/wp\/v2\/media\/21918"}],"wp:attachment":[{"href":"https:\/\/www.makitamarket.com.tr\/site\/wp-json\/wp\/v2\/media?parent=21038"}],"wp:term":[{"taxonomy":"product_brand","embeddable":true,"href":"https:\/\/www.makitamarket.com.tr\/site\/wp-json\/wp\/v2\/product_brand?post=21038"},{"taxonomy":"product_cat","embeddable":true,"href":"https:\/\/www.makitamarket.com.tr\/site\/wp-json\/wp\/v2\/product_cat?post=21038"},{"taxonomy":"product_tag","embeddable":true,"href":"https:\/\/www.makitamarket.com.tr\/site\/wp-json\/wp\/v2\/product_tag?post=21038"}],"curies":[{"name":"wp","href":"https:\/\/api.w.org\/{rel}","templated":true}]}}