{"id":21077,"date":"2024-11-28T20:33:02","date_gmt":"2024-11-28T17:33:02","guid":{"rendered":"https:\/\/www.makitamarket.com.tr\/site\/urun\/proxxon-delta-zimpara-makinasi-icin-korundum-zimpara\/"},"modified":"2026-04-06T17:33:01","modified_gmt":"2026-04-06T14:33:01","slug":"proxxon-delta-zimpara-makinasi-icin-korundum-zimpara","status":"publish","type":"product","link":"https:\/\/www.makitamarket.com.tr\/site\/urun\/proxxon-delta-zimpara-makinasi-icin-korundum-zimpara\/","title":{"rendered":"Proxxon 28882 DELTA ZIMPARA MAK\u0130NASI \u0130\u00c7\u0130N KORUNDUM ZIMPARA"},"content":{"rendered":"<table>\n<tr>\n<td>Kum<\/td>\n<td>150 kum<\/td>\n<\/tr>\n<tr>\n<td>Uygunluk<\/td>\n<td>28520 OZI 220\/E Delta z\u0131mpara makinas\u0131<\/td>\n<\/tr>\n<\/table>\n","protected":false},"excerpt":{"rendered":"<p>Kum 150 kum Uygunluk 28520 OZI 220\/E Delta z\u0131mpara makinas\u0131<\/p>\n","protected":false},"featured_media":21120,"comment_status":"open","ping_status":"closed","template":"","meta":{"_acf_changed":false},"product_brand":[1501],"product_cat":[926],"product_tag":[],"class_list":{"0":"post-21077","1":"product","2":"type-product","3":"status-publish","4":"has-post-thumbnail","6":"product_brand-proxxon","7":"product_cat-aksesuarlar-mikro-aletleri","9":"first","10":"instock","11":"taxable","12":"shipping-taxable","13":"purchasable","14":"product-type-simple","15":"add-to-wishlist-after_add_to_cart"},"acf":[],"_links":{"self":[{"href":"https:\/\/www.makitamarket.com.tr\/site\/wp-json\/wp\/v2\/product\/21077","targetHints":{"allow":["GET"]}}],"collection":[{"href":"https:\/\/www.makitamarket.com.tr\/site\/wp-json\/wp\/v2\/product"}],"about":[{"href":"https:\/\/www.makitamarket.com.tr\/site\/wp-json\/wp\/v2\/types\/product"}],"replies":[{"embeddable":true,"href":"https:\/\/www.makitamarket.com.tr\/site\/wp-json\/wp\/v2\/comments?post=21077"}],"wp:featuredmedia":[{"embeddable":true,"href":"https:\/\/www.makitamarket.com.tr\/site\/wp-json\/wp\/v2\/media\/21120"}],"wp:attachment":[{"href":"https:\/\/www.makitamarket.com.tr\/site\/wp-json\/wp\/v2\/media?parent=21077"}],"wp:term":[{"taxonomy":"product_brand","embeddable":true,"href":"https:\/\/www.makitamarket.com.tr\/site\/wp-json\/wp\/v2\/product_brand?post=21077"},{"taxonomy":"product_cat","embeddable":true,"href":"https:\/\/www.makitamarket.com.tr\/site\/wp-json\/wp\/v2\/product_cat?post=21077"},{"taxonomy":"product_tag","embeddable":true,"href":"https:\/\/www.makitamarket.com.tr\/site\/wp-json\/wp\/v2\/product_tag?post=21077"}],"curies":[{"name":"wp","href":"https:\/\/api.w.org\/{rel}","templated":true}]}}