{"id":21081,"date":"2024-11-28T20:33:05","date_gmt":"2024-11-28T17:33:05","guid":{"rendered":"https:\/\/www.makitamarket.com.tr\/site\/urun\/proxxon-temizleme-ve-polisaj-2-li-8-mm\/"},"modified":"2026-04-06T17:38:44","modified_gmt":"2026-04-06T14:38:44","slug":"proxxon-temizleme-ve-polisaj-2-li-8-mm","status":"publish","type":"product","link":"https:\/\/www.makitamarket.com.tr\/site\/urun\/proxxon-temizleme-ve-polisaj-2-li-8-mm\/","title":{"rendered":"Proxxon 28961 TEM\u0130ZLEME VE POL\u0130SAJ 2 L\u0130 8 mm"},"content":{"rendered":"<p>\n\t<span style=\"font-size:12px;\"><span style=\"font-family:tahoma,geneva,sans-serif;\">Pirin\u00e7 f\u0131r\u00e7a, \u00e7anak ve daire tel f\u0131r\u00e7alar ala\u015f\u0131m, bak\u0131r, de\u011ferli maden, yar\u0131 de\u011ferli ta\u015f, plastik ve ah\u015fap \u00fczerinde \u00e7al\u0131\u015fmak i\u00e7in idealdir. Asitten etkilenmez. Elektrik ak\u0131m\u0131n\u0131 iletmedi\u011fi i\u00e7in elektronik par\u00e7alar ve devreler \u00fczerinde \u00e7al\u0131\u015fmaya el veri\u015flidir.<br \/>\n\t<\/span><\/span><\/p>\n<p>\n\t<span style=\"font-size:12px;\"><span style=\"font-family:tahoma,geneva,sans-serif;\">Mil \u00e7ap\u0131 2.35 mm &#8216;dir.<br \/>\n\t<\/span><\/span><\/p>\n<table>\n<tr>\n<td>Mil \u00c7ap\u0131<\/td>\n<td>2,35 mm<\/td>\n<\/tr>\n<\/table>\n","protected":false},"excerpt":{"rendered":"<p>\n\t<span style=\"font-size:12px;\"><span style=\"font-family:tahoma,geneva,sans-serif;\">Pirin\u00e7 f\u0131r\u00e7a, \u00e7anak ve daire tel f\u0131r\u00e7alar ala\u015f\u0131m, bak\u0131r, de\u011ferli maden, yar\u0131 de\u011ferli ta\u015f, plastik ve ah\u015fap \u00fczerinde \u00e7al\u0131\u015fmak i\u00e7in idealdir. Asitten etkilenmez. Elektrik ak\u0131m\u0131n\u0131 iletmedi\u011fi i\u00e7in elektronik par\u00e7alar ve devreler \u00fczerinde \u00e7al\u0131\u015fmaya el veri\u015flidir.<br \/>\n\t<\/span><\/span><\/p>\n<p>\n\t<span style=\"font-size:12px;\"><span style=\"font-family:tahoma,geneva,sans-serif;\">Mil \u00e7ap\u0131 2.35 mm &#8216;dir.<br \/>\n\t<\/span><\/span><\/p>\n","protected":false},"featured_media":21348,"comment_status":"open","ping_status":"closed","template":"","meta":{"_acf_changed":false},"product_brand":[1501],"product_cat":[926],"product_tag":[],"class_list":{"0":"post-21081","1":"product","2":"type-product","3":"status-publish","4":"has-post-thumbnail","6":"product_brand-proxxon","7":"product_cat-aksesuarlar-mikro-aletleri","9":"first","10":"instock","11":"taxable","12":"shipping-taxable","13":"purchasable","14":"product-type-simple","15":"add-to-wishlist-after_add_to_cart"},"acf":[],"_links":{"self":[{"href":"https:\/\/www.makitamarket.com.tr\/site\/wp-json\/wp\/v2\/product\/21081","targetHints":{"allow":["GET"]}}],"collection":[{"href":"https:\/\/www.makitamarket.com.tr\/site\/wp-json\/wp\/v2\/product"}],"about":[{"href":"https:\/\/www.makitamarket.com.tr\/site\/wp-json\/wp\/v2\/types\/product"}],"replies":[{"embeddable":true,"href":"https:\/\/www.makitamarket.com.tr\/site\/wp-json\/wp\/v2\/comments?post=21081"}],"wp:featuredmedia":[{"embeddable":true,"href":"https:\/\/www.makitamarket.com.tr\/site\/wp-json\/wp\/v2\/media\/21348"}],"wp:attachment":[{"href":"https:\/\/www.makitamarket.com.tr\/site\/wp-json\/wp\/v2\/media?parent=21081"}],"wp:term":[{"taxonomy":"product_brand","embeddable":true,"href":"https:\/\/www.makitamarket.com.tr\/site\/wp-json\/wp\/v2\/product_brand?post=21081"},{"taxonomy":"product_cat","embeddable":true,"href":"https:\/\/www.makitamarket.com.tr\/site\/wp-json\/wp\/v2\/product_cat?post=21081"},{"taxonomy":"product_tag","embeddable":true,"href":"https:\/\/www.makitamarket.com.tr\/site\/wp-json\/wp\/v2\/product_tag?post=21081"}],"curies":[{"name":"wp","href":"https:\/\/api.w.org\/{rel}","templated":true}]}}