{"id":21096,"date":"2024-11-28T20:33:10","date_gmt":"2024-11-28T17:33:10","guid":{"rendered":"https:\/\/www.makitamarket.com.tr\/site\/urun\/proscr-11-li-bits-uc-seti\/"},"modified":"2026-04-06T17:32:24","modified_gmt":"2026-04-06T14:32:24","slug":"proscr-11-li-bits-uc-seti","status":"publish","type":"product","link":"https:\/\/www.makitamarket.com.tr\/site\/urun\/proscr-11-li-bits-uc-seti\/","title":{"rendered":"Proscr SCR03331 11 L\u0130 B\u0130TS U\u00c7 SET\u0130"},"content":{"rendered":"<div>\n\t<strong>SET \u0130\u00c7ER\u0130\u011e\u0130:<br \/>\n\t<\/strong><\/div>\n<div>\n<ul>\n<li>\n\t\t\tPH1, PH2, PH3<\/li>\n<li>\n\t\t\tSL6, SL3\/16, SL5\/32<\/li>\n<li>\n\t\t\tHEX3, HEX4, HEX5, HEX6<\/li>\n<li>\n\t\t\tADAPT\u00d6R<\/li>\n<\/ul>\n<\/div>\n<table>\n<tr>\n<td>Koli \u0130\u00e7i Adedi<\/td>\n<td>100<\/td>\n<\/tr>\n<\/table>\n","protected":false},"excerpt":{"rendered":"<div>\n\t<strong>SET \u0130\u00c7ER\u0130\u011e\u0130:<br \/>\n\t<\/strong><\/div>\n<div>\n<ul>\n<li>\n\t\t\tPH1, PH2, PH3<\/li>\n<li>\n\t\t\tSL6, SL3\/16, SL5\/32<\/li>\n<li>\n\t\t\tHEX3, HEX4, HEX5, HEX6<\/li>\n<li>\n\t\t\tADAPT\u00d6R<\/li>\n<\/ul>\n<\/div>\n","protected":false},"featured_media":21095,"comment_status":"open","ping_status":"closed","template":"","meta":{"_acf_changed":false},"product_brand":[1523],"product_cat":[1047],"product_tag":[],"class_list":{"0":"post-21096","1":"product","2":"type-product","3":"status-publish","4":"has-post-thumbnail","6":"product_brand-proscr","7":"product_cat-bits-uclar-aparatlar-adaptorler","9":"first","10":"instock","11":"taxable","12":"shipping-taxable","13":"purchasable","14":"product-type-simple","15":"add-to-wishlist-after_add_to_cart"},"acf":[],"_links":{"self":[{"href":"https:\/\/www.makitamarket.com.tr\/site\/wp-json\/wp\/v2\/product\/21096","targetHints":{"allow":["GET"]}}],"collection":[{"href":"https:\/\/www.makitamarket.com.tr\/site\/wp-json\/wp\/v2\/product"}],"about":[{"href":"https:\/\/www.makitamarket.com.tr\/site\/wp-json\/wp\/v2\/types\/product"}],"replies":[{"embeddable":true,"href":"https:\/\/www.makitamarket.com.tr\/site\/wp-json\/wp\/v2\/comments?post=21096"}],"wp:featuredmedia":[{"embeddable":true,"href":"https:\/\/www.makitamarket.com.tr\/site\/wp-json\/wp\/v2\/media\/21095"}],"wp:attachment":[{"href":"https:\/\/www.makitamarket.com.tr\/site\/wp-json\/wp\/v2\/media?parent=21096"}],"wp:term":[{"taxonomy":"product_brand","embeddable":true,"href":"https:\/\/www.makitamarket.com.tr\/site\/wp-json\/wp\/v2\/product_brand?post=21096"},{"taxonomy":"product_cat","embeddable":true,"href":"https:\/\/www.makitamarket.com.tr\/site\/wp-json\/wp\/v2\/product_cat?post=21096"},{"taxonomy":"product_tag","embeddable":true,"href":"https:\/\/www.makitamarket.com.tr\/site\/wp-json\/wp\/v2\/product_tag?post=21096"}],"curies":[{"name":"wp","href":"https:\/\/api.w.org\/{rel}","templated":true}]}}