{"id":21142,"date":"2024-11-28T20:33:35","date_gmt":"2024-11-28T17:33:35","guid":{"rendered":"https:\/\/www.makitamarket.com.tr\/site\/urun\/nikon-sert-polisaj-sungeri-150x50-mm\/"},"modified":"2026-03-15T12:02:44","modified_gmt":"2026-03-15T09:02:44","slug":"nikon-sert-polisaj-sungeri-150x50-mm","status":"publish","type":"product","link":"https:\/\/www.makitamarket.com.tr\/site\/urun\/nikon-sert-polisaj-sungeri-150x50-mm\/","title":{"rendered":"Nikon NIK15050BS SERT POL\u0130SAJ S\u00dcNGER\u0130 150&#215;50 mm"},"content":{"rendered":"<table>\n<tr>\n<td>\u00c7ap (mm)<\/td>\n<td>150 x 50<\/td>\n<\/tr>\n<tr>\n<td>\u00d6zellikleri<\/td>\n<td>M14, Beyaz<\/td>\n<\/tr>\n<\/table>\n","protected":false},"excerpt":{"rendered":"<p>\u00c7ap (mm) 150 x 50 \u00d6zellikleri M14, Beyaz<\/p>\n","protected":false},"featured_media":0,"comment_status":"open","ping_status":"closed","template":"","meta":{"_acf_changed":false},"product_brand":[1518],"product_cat":[1319],"product_tag":[],"class_list":{"0":"post-21142","1":"product","2":"type-product","3":"status-publish","5":"product_brand-nikon","6":"product_cat-sungerler","8":"first","9":"outofstock","10":"taxable","11":"shipping-taxable","12":"purchasable","13":"product-type-simple","14":"add-to-wishlist-after_add_to_cart"},"acf":[],"_links":{"self":[{"href":"https:\/\/www.makitamarket.com.tr\/site\/wp-json\/wp\/v2\/product\/21142","targetHints":{"allow":["GET"]}}],"collection":[{"href":"https:\/\/www.makitamarket.com.tr\/site\/wp-json\/wp\/v2\/product"}],"about":[{"href":"https:\/\/www.makitamarket.com.tr\/site\/wp-json\/wp\/v2\/types\/product"}],"replies":[{"embeddable":true,"href":"https:\/\/www.makitamarket.com.tr\/site\/wp-json\/wp\/v2\/comments?post=21142"}],"wp:attachment":[{"href":"https:\/\/www.makitamarket.com.tr\/site\/wp-json\/wp\/v2\/media?parent=21142"}],"wp:term":[{"taxonomy":"product_brand","embeddable":true,"href":"https:\/\/www.makitamarket.com.tr\/site\/wp-json\/wp\/v2\/product_brand?post=21142"},{"taxonomy":"product_cat","embeddable":true,"href":"https:\/\/www.makitamarket.com.tr\/site\/wp-json\/wp\/v2\/product_cat?post=21142"},{"taxonomy":"product_tag","embeddable":true,"href":"https:\/\/www.makitamarket.com.tr\/site\/wp-json\/wp\/v2\/product_tag?post=21142"}],"curies":[{"name":"wp","href":"https:\/\/api.w.org\/{rel}","templated":true}]}}