{"id":21180,"date":"2024-11-28T20:33:49","date_gmt":"2024-11-28T17:33:49","guid":{"rendered":"https:\/\/www.makitamarket.com.tr\/site\/urun\/bmi-bmi-9142-gizli-percin-ahsap-kirma-metre\/"},"modified":"2026-04-06T17:34:47","modified_gmt":"2026-04-06T14:34:47","slug":"bmi-bmi-9142-gizli-percin-ahsap-kirma-metre","status":"publish","type":"product","link":"https:\/\/www.makitamarket.com.tr\/site\/urun\/bmi-bmi-9142-gizli-percin-ahsap-kirma-metre\/","title":{"rendered":"Bmi 9142 BMI 9142 G\u0130ZL\u0130 PER\u00c7\u0130N AH\u015eAP KIRMA METRE"},"content":{"rendered":"<div>\n\t\u2022 3.3mm kal\u0131nl\u0131\u011f\u0131nda kay\u0131n a\u011fac\u0131ndan \u00fcretilmi\u015ftir.<\/div>\n<div>\n\t\u2022 16mm geni\u015fli\u011fe sahiptir<\/div>\n<div>\n\t\u2022 2metre uzunluk<\/div>\n<div>\n\t\u2022 10 kademeli<\/div>\n<div>\n\t\u2022 Gizli per\u00e7in<\/div>\n<div>\n\t\u2022 Sar\u0131-beyaz<\/div>\n<table>\n<tr>\n<td>\u00d6l\u00e7\u00fcleri<\/td>\n<td>2 metre boy\/ kal\u0131nl\u0131k 3,0mm geni\u015flik16mm<\/td>\n<\/tr>\n<\/table>\n","protected":false},"excerpt":{"rendered":"<div>\n\t\u2022 3.3mm kal\u0131nl\u0131\u011f\u0131nda kay\u0131n a\u011fac\u0131ndan \u00fcretilmi\u015ftir.<\/div>\n<div>\n\t\u2022 16mm geni\u015fli\u011fe sahiptir<\/div>\n<div>\n\t\u2022 2metre uzunluk<\/div>\n<div>\n\t\u2022 10 kademeli<\/div>\n<div>\n\t\u2022 Gizli per\u00e7in<\/div>\n<div>\n\t\u2022 Sar\u0131-beyaz<\/div>\n","protected":false},"featured_media":21179,"comment_status":"open","ping_status":"closed","template":"","meta":{"_acf_changed":false},"product_brand":[1522],"product_cat":[753],"product_tag":[],"class_list":{"0":"post-21180","1":"product","2":"type-product","3":"status-publish","4":"has-post-thumbnail","6":"product_brand-bmi","7":"product_cat-metreler","9":"first","10":"instock","11":"taxable","12":"shipping-taxable","13":"purchasable","14":"product-type-simple","15":"add-to-wishlist-after_add_to_cart"},"acf":[],"_links":{"self":[{"href":"https:\/\/www.makitamarket.com.tr\/site\/wp-json\/wp\/v2\/product\/21180","targetHints":{"allow":["GET"]}}],"collection":[{"href":"https:\/\/www.makitamarket.com.tr\/site\/wp-json\/wp\/v2\/product"}],"about":[{"href":"https:\/\/www.makitamarket.com.tr\/site\/wp-json\/wp\/v2\/types\/product"}],"replies":[{"embeddable":true,"href":"https:\/\/www.makitamarket.com.tr\/site\/wp-json\/wp\/v2\/comments?post=21180"}],"wp:featuredmedia":[{"embeddable":true,"href":"https:\/\/www.makitamarket.com.tr\/site\/wp-json\/wp\/v2\/media\/21179"}],"wp:attachment":[{"href":"https:\/\/www.makitamarket.com.tr\/site\/wp-json\/wp\/v2\/media?parent=21180"}],"wp:term":[{"taxonomy":"product_brand","embeddable":true,"href":"https:\/\/www.makitamarket.com.tr\/site\/wp-json\/wp\/v2\/product_brand?post=21180"},{"taxonomy":"product_cat","embeddable":true,"href":"https:\/\/www.makitamarket.com.tr\/site\/wp-json\/wp\/v2\/product_cat?post=21180"},{"taxonomy":"product_tag","embeddable":true,"href":"https:\/\/www.makitamarket.com.tr\/site\/wp-json\/wp\/v2\/product_tag?post=21180"}],"curies":[{"name":"wp","href":"https:\/\/api.w.org\/{rel}","templated":true}]}}