{"id":21190,"date":"2024-11-28T20:33:51","date_gmt":"2024-11-28T17:33:51","guid":{"rendered":"https:\/\/www.makitamarket.com.tr\/site\/urun\/proxxon-endustriyel-acik-agiz-anahtar-6x7-mm\/"},"modified":"2026-04-06T17:34:50","modified_gmt":"2026-04-06T14:34:50","slug":"proxxon-endustriyel-acik-agiz-anahtar-6x7-mm","status":"publish","type":"product","link":"https:\/\/www.makitamarket.com.tr\/site\/urun\/proxxon-endustriyel-acik-agiz-anahtar-6x7-mm\/","title":{"rendered":"Proxxon End\u00fcstriyel 23830 A\u00c7IK A\u011eIZ ANAHTAR 6&#215;7 mm"},"content":{"rendered":"<table>\n<tr>\n<td>Amblaj<\/td>\n<td>karton kutu<\/td>\n<\/tr>\n<tr>\n<td>\u00d6l\u00e7\u00fcleri<\/td>\n<td>6*7mm<\/td>\n<\/tr>\n<tr>\n<td>B1<\/td>\n<td>16<\/td>\n<\/tr>\n<tr>\n<td>B2<\/td>\n<td>18<\/td>\n<\/tr>\n<tr>\n<td>L<\/td>\n<td>123<\/td>\n<\/tr>\n<tr>\n<td>H<\/td>\n<td>3.4<\/td>\n<\/tr>\n<\/table>\n","protected":false},"excerpt":{"rendered":"<p>Amblaj karton kutu \u00d6l\u00e7\u00fcleri 6*7mm B1 16 B2 18 L 123 H 3.4<\/p>\n","protected":false},"featured_media":21189,"comment_status":"open","ping_status":"closed","template":"","meta":{"_acf_changed":false},"product_brand":[1529],"product_cat":[978],"product_tag":[],"class_list":{"0":"post-21190","1":"product","2":"type-product","3":"status-publish","4":"has-post-thumbnail","6":"product_brand-proxxon-endustriyel","7":"product_cat-anahtarlar","9":"first","10":"instock","11":"taxable","12":"shipping-taxable","13":"purchasable","14":"product-type-simple","15":"add-to-wishlist-after_add_to_cart"},"acf":[],"_links":{"self":[{"href":"https:\/\/www.makitamarket.com.tr\/site\/wp-json\/wp\/v2\/product\/21190","targetHints":{"allow":["GET"]}}],"collection":[{"href":"https:\/\/www.makitamarket.com.tr\/site\/wp-json\/wp\/v2\/product"}],"about":[{"href":"https:\/\/www.makitamarket.com.tr\/site\/wp-json\/wp\/v2\/types\/product"}],"replies":[{"embeddable":true,"href":"https:\/\/www.makitamarket.com.tr\/site\/wp-json\/wp\/v2\/comments?post=21190"}],"wp:featuredmedia":[{"embeddable":true,"href":"https:\/\/www.makitamarket.com.tr\/site\/wp-json\/wp\/v2\/media\/21189"}],"wp:attachment":[{"href":"https:\/\/www.makitamarket.com.tr\/site\/wp-json\/wp\/v2\/media?parent=21190"}],"wp:term":[{"taxonomy":"product_brand","embeddable":true,"href":"https:\/\/www.makitamarket.com.tr\/site\/wp-json\/wp\/v2\/product_brand?post=21190"},{"taxonomy":"product_cat","embeddable":true,"href":"https:\/\/www.makitamarket.com.tr\/site\/wp-json\/wp\/v2\/product_cat?post=21190"},{"taxonomy":"product_tag","embeddable":true,"href":"https:\/\/www.makitamarket.com.tr\/site\/wp-json\/wp\/v2\/product_tag?post=21190"}],"curies":[{"name":"wp","href":"https:\/\/api.w.org\/{rel}","templated":true}]}}