{"id":21201,"date":"2024-11-28T20:33:57","date_gmt":"2024-11-28T17:33:57","guid":{"rendered":"https:\/\/www.makitamarket.com.tr\/site\/urun\/proxxon-karbur-bileme\/"},"modified":"2026-04-06T17:34:57","modified_gmt":"2026-04-06T14:34:57","slug":"proxxon-karbur-bileme","status":"publish","type":"product","link":"https:\/\/www.makitamarket.com.tr\/site\/urun\/proxxon-karbur-bileme\/","title":{"rendered":"Proxxon 28310 KARB\u00dcR B\u0130LEME"},"content":{"rendered":"<p>\n\t<span style=\"font-family:tahoma,geneva,sans-serif;\"><span style=\"font-size:12px;\"><font color=\"#1f1a17\"><font color=\"#1f1a17\"><font color=\"#1f1a17\">28030 SP\/E ve 21200 BSG 220i\u00e7in 50x13mm silikon karb\u00fcr bileme ta\u015f\u0131<\/font><\/font><\/font><\/span><\/span><\/p>\n<table>\n<tr>\n<td>Ta\u015f \u00c7ap\u0131<\/td>\n<td>50 x 13mm<\/td>\n<\/tr>\n<\/table>\n","protected":false},"excerpt":{"rendered":"<p>\n\t<span style=\"font-family:tahoma,geneva,sans-serif;\"><span style=\"font-size:12px;\"><font color=\"#1f1a17\"><font color=\"#1f1a17\"><font color=\"#1f1a17\">28030 SP\/E ve 21200 BSG 220i\u00e7in 50x13mm silikon karb\u00fcr bileme ta\u015f\u0131<\/font><\/font><\/font><\/span><\/span><\/p>\n","protected":false},"featured_media":0,"comment_status":"open","ping_status":"closed","template":"","meta":{"_acf_changed":false},"product_brand":[1501],"product_cat":[926],"product_tag":[],"class_list":{"0":"post-21201","1":"product","2":"type-product","3":"status-publish","5":"product_brand-proxxon","6":"product_cat-aksesuarlar-mikro-aletleri","8":"first","9":"outofstock","10":"taxable","11":"shipping-taxable","12":"purchasable","13":"product-type-simple","14":"add-to-wishlist-after_add_to_cart"},"acf":[],"_links":{"self":[{"href":"https:\/\/www.makitamarket.com.tr\/site\/wp-json\/wp\/v2\/product\/21201","targetHints":{"allow":["GET"]}}],"collection":[{"href":"https:\/\/www.makitamarket.com.tr\/site\/wp-json\/wp\/v2\/product"}],"about":[{"href":"https:\/\/www.makitamarket.com.tr\/site\/wp-json\/wp\/v2\/types\/product"}],"replies":[{"embeddable":true,"href":"https:\/\/www.makitamarket.com.tr\/site\/wp-json\/wp\/v2\/comments?post=21201"}],"wp:attachment":[{"href":"https:\/\/www.makitamarket.com.tr\/site\/wp-json\/wp\/v2\/media?parent=21201"}],"wp:term":[{"taxonomy":"product_brand","embeddable":true,"href":"https:\/\/www.makitamarket.com.tr\/site\/wp-json\/wp\/v2\/product_brand?post=21201"},{"taxonomy":"product_cat","embeddable":true,"href":"https:\/\/www.makitamarket.com.tr\/site\/wp-json\/wp\/v2\/product_cat?post=21201"},{"taxonomy":"product_tag","embeddable":true,"href":"https:\/\/www.makitamarket.com.tr\/site\/wp-json\/wp\/v2\/product_tag?post=21201"}],"curies":[{"name":"wp","href":"https:\/\/api.w.org\/{rel}","templated":true}]}}