{"id":21254,"date":"2024-11-28T20:34:19","date_gmt":"2024-11-28T17:34:19","guid":{"rendered":"https:\/\/www.makitamarket.com.tr\/site\/urun\/proxxon-uc-ve-keski-icin-tezgahlar\/"},"modified":"2025-07-11T00:19:26","modified_gmt":"2025-07-10T21:19:26","slug":"proxxon-uc-ve-keski-icin-tezgahlar","status":"publish","type":"product","link":"https:\/\/www.makitamarket.com.tr\/site\/urun\/proxxon-uc-ve-keski-icin-tezgahlar\/","title":{"rendered":"Proxxon 28359 U\u00c7 VE KESK\u0130 \u0130\u00c7\u0130N TEZGAHLAR"},"content":{"rendered":"<p>\n\t<span style=\"font-family:tahoma,geneva,sans-serif;\">Sap \u00f6l\u00e7\u00fcleri 2.35 mm ve 3.2 mm olan mikro u\u00e7lar\u0131n, ta\u015flama u\u00e7lar\u0131n\u0131n, f\u0131r\u00e7a ve di\u011fer d\u00f6nen u\u00e7lar\u0131n g\u00fcvenli ve temiz saklanmas\u0131 i\u00e7in. U\u00e7 ve keskiler dahil de\u011fildir.<br \/>\n\t<\/span><\/p>\n<table><\/table>\n","protected":false},"excerpt":{"rendered":"<p>\n\t<span style=\"font-family:tahoma,geneva,sans-serif;\">Sap \u00f6l\u00e7\u00fcleri 2.35 mm ve 3.2 mm olan mikro u\u00e7lar\u0131n, ta\u015flama u\u00e7lar\u0131n\u0131n, f\u0131r\u00e7a ve di\u011fer d\u00f6nen u\u00e7lar\u0131n g\u00fcvenli ve temiz saklanmas\u0131 i\u00e7in. U\u00e7 ve keskiler dahil de\u011fildir.<br \/>\n\t<\/span><\/p>\n","protected":false},"featured_media":21253,"comment_status":"open","ping_status":"closed","template":"","meta":{"_acf_changed":false},"product_brand":[],"product_cat":[926],"product_tag":[],"class_list":{"0":"post-21254","1":"product","2":"type-product","3":"status-publish","4":"has-post-thumbnail","6":"product_cat-aksesuarlar-mikro-aletleri","8":"first","9":"instock","10":"taxable","11":"shipping-taxable","12":"purchasable","13":"product-type-simple","14":"add-to-wishlist-after_add_to_cart"},"acf":[],"_links":{"self":[{"href":"https:\/\/www.makitamarket.com.tr\/site\/wp-json\/wp\/v2\/product\/21254","targetHints":{"allow":["GET"]}}],"collection":[{"href":"https:\/\/www.makitamarket.com.tr\/site\/wp-json\/wp\/v2\/product"}],"about":[{"href":"https:\/\/www.makitamarket.com.tr\/site\/wp-json\/wp\/v2\/types\/product"}],"replies":[{"embeddable":true,"href":"https:\/\/www.makitamarket.com.tr\/site\/wp-json\/wp\/v2\/comments?post=21254"}],"wp:featuredmedia":[{"embeddable":true,"href":"https:\/\/www.makitamarket.com.tr\/site\/wp-json\/wp\/v2\/media\/21253"}],"wp:attachment":[{"href":"https:\/\/www.makitamarket.com.tr\/site\/wp-json\/wp\/v2\/media?parent=21254"}],"wp:term":[{"taxonomy":"product_brand","embeddable":true,"href":"https:\/\/www.makitamarket.com.tr\/site\/wp-json\/wp\/v2\/product_brand?post=21254"},{"taxonomy":"product_cat","embeddable":true,"href":"https:\/\/www.makitamarket.com.tr\/site\/wp-json\/wp\/v2\/product_cat?post=21254"},{"taxonomy":"product_tag","embeddable":true,"href":"https:\/\/www.makitamarket.com.tr\/site\/wp-json\/wp\/v2\/product_tag?post=21254"}],"curies":[{"name":"wp","href":"https:\/\/api.w.org\/{rel}","templated":true}]}}