{"id":21257,"date":"2024-11-28T20:34:20","date_gmt":"2024-11-28T17:34:20","guid":{"rendered":"https:\/\/www.makitamarket.com.tr\/site\/urun\/knisaw-panc-adaptoru-14-30-mm\/"},"modified":"2026-04-06T17:53:41","modified_gmt":"2026-04-06T14:53:41","slug":"knisaw-panc-adaptoru-14-30-mm","status":"publish","type":"product","link":"https:\/\/www.makitamarket.com.tr\/site\/urun\/knisaw-panc-adaptoru-14-30-mm\/","title":{"rendered":"Knisaw KS53461 PAN\u00c7 ADAPT\u00d6R\u00dc 14 &#8211; 30 mm"},"content":{"rendered":"<table>\n<tr>\n<td>Adapt\u00f6r Tipi<\/td>\n<td>A<\/td>\n<\/tr>\n<tr>\n<td>\u00d6l\u00e7\u00fc<\/td>\n<td>1\/2\u201d 20 UNF &#8211; 1\/4\u201d HEX<\/td>\n<\/tr>\n<tr>\n<td>Pan\u00e7<\/td>\n<td>14 &#8211; 30 mm<\/td>\n<\/tr>\n<tr>\n<td>Uyumlu Merkezleme Ucu<\/td>\n<td>KS53479 (1\/4\u201d x 75 mm),  KS53481 (1\/4\u201d x 80 mm)<\/td>\n<\/tr>\n<\/table>\n","protected":false},"excerpt":{"rendered":"<p>Adapt\u00f6r Tipi A \u00d6l\u00e7\u00fc 1\/2\u201d 20 UNF &#8211; 1\/4\u201d HEX Pan\u00e7 14 &#8211; 30 mm Uyumlu Merkezleme Ucu KS53479 (1\/4\u201d x 75 mm), KS53481 (1\/4\u201d x 80 mm)<\/p>\n","protected":false},"featured_media":21981,"comment_status":"open","ping_status":"closed","template":"","meta":{"_acf_changed":false},"product_brand":[1550],"product_cat":[1194],"product_tag":[],"class_list":{"0":"post-21257","1":"product","2":"type-product","3":"status-publish","4":"has-post-thumbnail","6":"product_brand-knisaw","7":"product_cat-aksesuarlar-bits-uclar-aparatlar-adaptorler","9":"first","10":"instock","11":"taxable","12":"shipping-taxable","13":"purchasable","14":"product-type-simple","15":"add-to-wishlist-after_add_to_cart"},"acf":[],"_links":{"self":[{"href":"https:\/\/www.makitamarket.com.tr\/site\/wp-json\/wp\/v2\/product\/21257","targetHints":{"allow":["GET"]}}],"collection":[{"href":"https:\/\/www.makitamarket.com.tr\/site\/wp-json\/wp\/v2\/product"}],"about":[{"href":"https:\/\/www.makitamarket.com.tr\/site\/wp-json\/wp\/v2\/types\/product"}],"replies":[{"embeddable":true,"href":"https:\/\/www.makitamarket.com.tr\/site\/wp-json\/wp\/v2\/comments?post=21257"}],"wp:featuredmedia":[{"embeddable":true,"href":"https:\/\/www.makitamarket.com.tr\/site\/wp-json\/wp\/v2\/media\/21981"}],"wp:attachment":[{"href":"https:\/\/www.makitamarket.com.tr\/site\/wp-json\/wp\/v2\/media?parent=21257"}],"wp:term":[{"taxonomy":"product_brand","embeddable":true,"href":"https:\/\/www.makitamarket.com.tr\/site\/wp-json\/wp\/v2\/product_brand?post=21257"},{"taxonomy":"product_cat","embeddable":true,"href":"https:\/\/www.makitamarket.com.tr\/site\/wp-json\/wp\/v2\/product_cat?post=21257"},{"taxonomy":"product_tag","embeddable":true,"href":"https:\/\/www.makitamarket.com.tr\/site\/wp-json\/wp\/v2\/product_tag?post=21257"}],"curies":[{"name":"wp","href":"https:\/\/api.w.org\/{rel}","templated":true}]}}