{"id":21258,"date":"2024-11-28T20:34:20","date_gmt":"2024-11-28T17:34:20","guid":{"rendered":"https:\/\/www.makitamarket.com.tr\/site\/urun\/makita-cam-ve-fayans-delme-ucu-8x70-mm\/"},"modified":"2026-03-30T10:59:26","modified_gmt":"2026-03-30T07:59:26","slug":"makita-cam-ve-fayans-delme-ucu-8x70-mm","status":"publish","type":"product","link":"https:\/\/www.makitamarket.com.tr\/site\/urun\/makita-cam-ve-fayans-delme-ucu-8x70-mm\/","title":{"rendered":"Makita D-25155 CAM VE FAYANS DELME UCU 8&#215;70 mm"},"content":{"rendered":"<table>\n<tr>\n<td>Matkap \u00c7ap\u0131<\/td>\n<td>8<\/td>\n<\/tr>\n<tr>\n<td>Matkap Boyu<\/td>\n<td>70<\/td>\n<\/tr>\n<tr>\n<td>\u00c7ap<\/td>\n<td>8 mm<\/td>\n<\/tr>\n<tr>\n<td>Uzunluk<\/td>\n<td>70 mm<\/td>\n<\/tr>\n<\/table>\n","protected":false},"excerpt":{"rendered":"<p>Matkap \u00c7ap\u0131 8 Matkap Boyu 70 \u00c7ap 8 mm Uzunluk 70 mm<\/p>\n","protected":false},"featured_media":0,"comment_status":"open","ping_status":"closed","template":"","meta":{"_acf_changed":false},"product_brand":[1485],"product_cat":[1251],"product_tag":[],"class_list":{"0":"post-21258","1":"product","2":"type-product","3":"status-publish","5":"product_brand-makita","6":"product_cat-cam-ve-fayans-delme-uclari","8":"first","9":"outofstock","10":"taxable","11":"shipping-taxable","12":"purchasable","13":"product-type-simple","14":"add-to-wishlist-after_add_to_cart"},"acf":[],"_links":{"self":[{"href":"https:\/\/www.makitamarket.com.tr\/site\/wp-json\/wp\/v2\/product\/21258","targetHints":{"allow":["GET"]}}],"collection":[{"href":"https:\/\/www.makitamarket.com.tr\/site\/wp-json\/wp\/v2\/product"}],"about":[{"href":"https:\/\/www.makitamarket.com.tr\/site\/wp-json\/wp\/v2\/types\/product"}],"replies":[{"embeddable":true,"href":"https:\/\/www.makitamarket.com.tr\/site\/wp-json\/wp\/v2\/comments?post=21258"}],"wp:attachment":[{"href":"https:\/\/www.makitamarket.com.tr\/site\/wp-json\/wp\/v2\/media?parent=21258"}],"wp:term":[{"taxonomy":"product_brand","embeddable":true,"href":"https:\/\/www.makitamarket.com.tr\/site\/wp-json\/wp\/v2\/product_brand?post=21258"},{"taxonomy":"product_cat","embeddable":true,"href":"https:\/\/www.makitamarket.com.tr\/site\/wp-json\/wp\/v2\/product_cat?post=21258"},{"taxonomy":"product_tag","embeddable":true,"href":"https:\/\/www.makitamarket.com.tr\/site\/wp-json\/wp\/v2\/product_tag?post=21258"}],"curies":[{"name":"wp","href":"https:\/\/api.w.org\/{rel}","templated":true}]}}