{"id":21279,"date":"2024-11-28T20:34:25","date_gmt":"2024-11-28T17:34:25","guid":{"rendered":"https:\/\/www.makitamarket.com.tr\/site\/urun\/mastech-kontrol-kalemi\/"},"modified":"2026-03-15T12:05:26","modified_gmt":"2026-03-15T09:05:26","slug":"mastech-kontrol-kalemi","status":"publish","type":"product","link":"https:\/\/www.makitamarket.com.tr\/site\/urun\/mastech-kontrol-kalemi\/","title":{"rendered":"Mastech GK 1 KONTROL KALEM\u0130"},"content":{"rendered":"<div>\n\t<span style=\"font-family:tahoma,geneva,sans-serif;\">136 mm<br \/>\n\t<\/span><\/div>\n<div>\n\t<span style=\"font-family:tahoma,geneva,sans-serif;\">1.5Vx2 alkalin veya cival\u0131 kontrol kalemi<br \/>\n\t<\/span><\/div>\n<div>\n\t<span style=\"font-family:tahoma,geneva,sans-serif;\">AC voltaj kontrol\u00fc ev gere\u00e7leri, lamba, batarya, \u015falter kontrol\u00fc<br \/>\n\t<\/span><\/div>\n<table><\/table>\n","protected":false},"excerpt":{"rendered":"<div>\n\t<span style=\"font-family:tahoma,geneva,sans-serif;\">136 mm<br \/>\n\t<\/span><\/div>\n<div>\n\t<span style=\"font-family:tahoma,geneva,sans-serif;\">1.5Vx2 alkalin veya cival\u0131 kontrol kalemi<br \/>\n\t<\/span><\/div>\n<div>\n\t<span style=\"font-family:tahoma,geneva,sans-serif;\">AC voltaj kontrol\u00fc ev gere\u00e7leri, lamba, batarya, \u015falter kontrol\u00fc<br \/>\n\t<\/span><\/div>\n","protected":false},"featured_media":21278,"comment_status":"open","ping_status":"closed","template":"","meta":{"_acf_changed":false},"product_brand":[1526],"product_cat":[1458],"product_tag":[],"class_list":{"0":"post-21279","1":"product","2":"type-product","3":"status-publish","4":"has-post-thumbnail","6":"product_brand-mastech","7":"product_cat-kontrol-kalemleri","9":"first","10":"outofstock","11":"taxable","12":"shipping-taxable","13":"purchasable","14":"product-type-simple","15":"add-to-wishlist-after_add_to_cart"},"acf":[],"_links":{"self":[{"href":"https:\/\/www.makitamarket.com.tr\/site\/wp-json\/wp\/v2\/product\/21279","targetHints":{"allow":["GET"]}}],"collection":[{"href":"https:\/\/www.makitamarket.com.tr\/site\/wp-json\/wp\/v2\/product"}],"about":[{"href":"https:\/\/www.makitamarket.com.tr\/site\/wp-json\/wp\/v2\/types\/product"}],"replies":[{"embeddable":true,"href":"https:\/\/www.makitamarket.com.tr\/site\/wp-json\/wp\/v2\/comments?post=21279"}],"wp:featuredmedia":[{"embeddable":true,"href":"https:\/\/www.makitamarket.com.tr\/site\/wp-json\/wp\/v2\/media\/21278"}],"wp:attachment":[{"href":"https:\/\/www.makitamarket.com.tr\/site\/wp-json\/wp\/v2\/media?parent=21279"}],"wp:term":[{"taxonomy":"product_brand","embeddable":true,"href":"https:\/\/www.makitamarket.com.tr\/site\/wp-json\/wp\/v2\/product_brand?post=21279"},{"taxonomy":"product_cat","embeddable":true,"href":"https:\/\/www.makitamarket.com.tr\/site\/wp-json\/wp\/v2\/product_cat?post=21279"},{"taxonomy":"product_tag","embeddable":true,"href":"https:\/\/www.makitamarket.com.tr\/site\/wp-json\/wp\/v2\/product_tag?post=21279"}],"curies":[{"name":"wp","href":"https:\/\/api.w.org\/{rel}","templated":true}]}}