{"id":21290,"date":"2024-11-28T20:34:28","date_gmt":"2024-11-28T17:34:28","guid":{"rendered":"https:\/\/www.makitamarket.com.tr\/site\/urun\/partner-sari-telli-daire-firca-150x25-mm\/"},"modified":"2026-03-30T10:59:30","modified_gmt":"2026-03-30T07:59:30","slug":"partner-sari-telli-daire-firca-150x25-mm","status":"publish","type":"product","link":"https:\/\/www.makitamarket.com.tr\/site\/urun\/partner-sari-telli-daire-firca-150x25-mm\/","title":{"rendered":"Partner PT02005 SARI TELL\u0130 DA\u0130RE FIR\u00c7A 150&#215;25 mm"},"content":{"rendered":"<table>\n<tr>\n<td>\u00c7ap (mm) (\u00dcr\u00fcn x G\u00f6bek)<\/td>\n<td>\u00d8150 x 25<\/td>\n<\/tr>\n<tr>\n<td>Tel \u00c7ap\u0131 (mm)<\/td>\n<td>0.30<\/td>\n<\/tr>\n<tr>\n<td>Koli Adedi<\/td>\n<td>40<\/td>\n<\/tr>\n<\/table>\n","protected":false},"excerpt":{"rendered":"<p>\u00c7ap (mm) (\u00dcr\u00fcn x G\u00f6bek) \u00d8150 x 25 Tel \u00c7ap\u0131 (mm) 0.30 Koli Adedi 40<\/p>\n","protected":false},"featured_media":21289,"comment_status":"open","ping_status":"closed","template":"","meta":{"_acf_changed":false},"product_brand":[1553],"product_cat":[807],"product_tag":[],"class_list":{"0":"post-21290","1":"product","2":"type-product","3":"status-publish","4":"has-post-thumbnail","6":"product_brand-partner","7":"product_cat-aksesuarlar-fircalar","9":"first","10":"instock","11":"taxable","12":"shipping-taxable","13":"purchasable","14":"product-type-simple","15":"add-to-wishlist-after_add_to_cart"},"acf":[],"_links":{"self":[{"href":"https:\/\/www.makitamarket.com.tr\/site\/wp-json\/wp\/v2\/product\/21290","targetHints":{"allow":["GET"]}}],"collection":[{"href":"https:\/\/www.makitamarket.com.tr\/site\/wp-json\/wp\/v2\/product"}],"about":[{"href":"https:\/\/www.makitamarket.com.tr\/site\/wp-json\/wp\/v2\/types\/product"}],"replies":[{"embeddable":true,"href":"https:\/\/www.makitamarket.com.tr\/site\/wp-json\/wp\/v2\/comments?post=21290"}],"wp:featuredmedia":[{"embeddable":true,"href":"https:\/\/www.makitamarket.com.tr\/site\/wp-json\/wp\/v2\/media\/21289"}],"wp:attachment":[{"href":"https:\/\/www.makitamarket.com.tr\/site\/wp-json\/wp\/v2\/media?parent=21290"}],"wp:term":[{"taxonomy":"product_brand","embeddable":true,"href":"https:\/\/www.makitamarket.com.tr\/site\/wp-json\/wp\/v2\/product_brand?post=21290"},{"taxonomy":"product_cat","embeddable":true,"href":"https:\/\/www.makitamarket.com.tr\/site\/wp-json\/wp\/v2\/product_cat?post=21290"},{"taxonomy":"product_tag","embeddable":true,"href":"https:\/\/www.makitamarket.com.tr\/site\/wp-json\/wp\/v2\/product_tag?post=21290"}],"curies":[{"name":"wp","href":"https:\/\/api.w.org\/{rel}","templated":true}]}}