{"id":21294,"date":"2024-11-28T20:34:30","date_gmt":"2024-11-28T17:34:30","guid":{"rendered":"https:\/\/www.makitamarket.com.tr\/site\/urun\/proxxon-ahsap-sunta-fiberglas-ve-plastik-kesim-testeresi\/"},"modified":"2026-04-06T17:36:56","modified_gmt":"2026-04-06T14:36:56","slug":"proxxon-ahsap-sunta-fiberglas-ve-plastik-kesim-testeresi","status":"publish","type":"product","link":"https:\/\/www.makitamarket.com.tr\/site\/urun\/proxxon-ahsap-sunta-fiberglas-ve-plastik-kesim-testeresi\/","title":{"rendered":"Proxxon 28054 AH\u015eAP, SUNTA, F\u0130BERGLAS VE PLAST\u0130K KES\u0130M TESTERES\u0130"},"content":{"rendered":"<p>\n\t<span style=\"font-family:tahoma,geneva,sans-serif;\"><span style=\"font-size:12px;\"><font color=\"#1f1a17\"><font color=\"#1f1a17\"><font color=\"#1f1a17\">28530 SS 230\/E ve STS12\/E uyumlu <\/font><\/font><\/font><font color=\"#1f1a17\"><font color=\"#1f1a17\"><font color=\"#1f1a17\">2 adet ah\u015fap, sunta, fiberglas ve plastik kesim testereleri<\/font><\/font><\/font><\/span><\/span><\/p>\n<table>\n<tr>\n<td>\u00d6zellik<\/td>\n<td>28530 SS 230\/E ve STS12\/E uyumlu 2 adet ah\u015fap, sunta, fiberglas ve plastik kesim testereleri<\/td>\n<\/tr>\n<\/table>\n","protected":false},"excerpt":{"rendered":"<p>\n\t<span style=\"font-family:tahoma,geneva,sans-serif;\"><span style=\"font-size:12px;\"><font color=\"#1f1a17\"><font color=\"#1f1a17\"><font color=\"#1f1a17\">28530 SS 230\/E ve STS12\/E uyumlu <\/font><\/font><\/font><font color=\"#1f1a17\"><font color=\"#1f1a17\"><font color=\"#1f1a17\">2 adet ah\u015fap, sunta, fiberglas ve plastik kesim testereleri<\/font><\/font><\/font><\/span><\/span><\/p>\n","protected":false},"featured_media":21293,"comment_status":"open","ping_status":"closed","template":"","meta":{"_acf_changed":false},"product_brand":[1501],"product_cat":[926],"product_tag":[],"class_list":{"0":"post-21294","1":"product","2":"type-product","3":"status-publish","4":"has-post-thumbnail","6":"product_brand-proxxon","7":"product_cat-aksesuarlar-mikro-aletleri","9":"first","10":"instock","11":"taxable","12":"shipping-taxable","13":"purchasable","14":"product-type-simple","15":"add-to-wishlist-after_add_to_cart"},"acf":[],"_links":{"self":[{"href":"https:\/\/www.makitamarket.com.tr\/site\/wp-json\/wp\/v2\/product\/21294","targetHints":{"allow":["GET"]}}],"collection":[{"href":"https:\/\/www.makitamarket.com.tr\/site\/wp-json\/wp\/v2\/product"}],"about":[{"href":"https:\/\/www.makitamarket.com.tr\/site\/wp-json\/wp\/v2\/types\/product"}],"replies":[{"embeddable":true,"href":"https:\/\/www.makitamarket.com.tr\/site\/wp-json\/wp\/v2\/comments?post=21294"}],"wp:featuredmedia":[{"embeddable":true,"href":"https:\/\/www.makitamarket.com.tr\/site\/wp-json\/wp\/v2\/media\/21293"}],"wp:attachment":[{"href":"https:\/\/www.makitamarket.com.tr\/site\/wp-json\/wp\/v2\/media?parent=21294"}],"wp:term":[{"taxonomy":"product_brand","embeddable":true,"href":"https:\/\/www.makitamarket.com.tr\/site\/wp-json\/wp\/v2\/product_brand?post=21294"},{"taxonomy":"product_cat","embeddable":true,"href":"https:\/\/www.makitamarket.com.tr\/site\/wp-json\/wp\/v2\/product_cat?post=21294"},{"taxonomy":"product_tag","embeddable":true,"href":"https:\/\/www.makitamarket.com.tr\/site\/wp-json\/wp\/v2\/product_tag?post=21294"}],"curies":[{"name":"wp","href":"https:\/\/api.w.org\/{rel}","templated":true}]}}